{"id":5953,"date":"2024-08-29T12:01:55","date_gmt":"2024-08-29T12:01:55","guid":{"rendered":"https:\/\/bison.erhanteknik.com.tr\/urunlerimiz\/?post_type=product&#038;p=5953"},"modified":"2024-08-29T12:04:51","modified_gmt":"2024-08-29T12:04:51","slug":"3204-500-bison-500x3-universal-torna-aynasi","status":"publish","type":"product","link":"https:\/\/bison.erhanteknik.com.tr\/urunlerimiz\/urun\/3204-500-bison-500x3-universal-torna-aynasi\/","title":{"rendered":"3204-500 | Bison 500X3 \u00dcniversal Torna Aynas\u0131"},"content":{"rendered":"\t\t<div data-elementor-type=\"product-post\" data-elementor-id=\"5953\" class=\"elementor elementor-5953\" data-elementor-post-type=\"product\">\n\t\t\t\t\t\t<section data-particle_enable=\"false\" data-particle-mobile-disabled=\"false\" class=\"elementor-section elementor-top-section elementor-element elementor-element-0b66845 elementor-section-boxed elementor-section-height-default elementor-section-height-default\" data-id=\"0b66845\" data-element_type=\"section\" data-e-type=\"section\">\n\t\t\t\t\t\t<div class=\"elementor-container elementor-column-gap-default\">\n\t\t\t\t\t<div class=\"elementor-column elementor-col-100 elementor-top-column elementor-element elementor-element-0b73d52\" data-id=\"0b73d52\" data-element_type=\"column\" data-e-type=\"column\">\n\t\t\t<div class=\"elementor-widget-wrap elementor-element-populated\">\n\t\t\t\t\t\t<section data-particle_enable=\"false\" data-particle-mobile-disabled=\"false\" class=\"elementor-section elementor-inner-section elementor-element elementor-element-30278be elementor-section-content-bottom elementor-section-boxed elementor-section-height-default elementor-section-height-default\" data-id=\"30278be\" data-element_type=\"section\" data-e-type=\"section\">\n\t\t\t\t\t\t<div class=\"elementor-container elementor-column-gap-default\">\n\t\t\t\t\t<div class=\"elementor-column elementor-col-25 elementor-inner-column elementor-element elementor-element-4ab0dc2\" data-id=\"4ab0dc2\" data-element_type=\"column\" data-e-type=\"column\">\n\t\t\t<div class=\"elementor-widget-wrap elementor-element-populated\">\n\t\t\t\t\t\t<div class=\"elementor-element elementor-element-c1d4fd7 dce_masking-none elementor-widget elementor-widget-image\" data-id=\"c1d4fd7\" data-element_type=\"widget\" data-e-type=\"widget\" data-widget_type=\"image.default\">\n\t\t\t\t<div class=\"elementor-widget-container\">\n\t\t\t\t\t\t\t\t\t\t\t\t\t\t\t<img loading=\"lazy\" decoding=\"async\" width=\"400\" height=\"308\" src=\"https:\/\/bison.erhanteknik.com.tr\/urunlerimiz\/wp-content\/uploads\/2024\/08\/hard-outside-duz.jpeg\" class=\"attachment-large size-large wp-image-5709\" alt=\"\" loading=\"lazy\" srcset=\"https:\/\/bison.erhanteknik.com.tr\/urunlerimiz\/wp-content\/uploads\/2024\/08\/hard-outside-duz.jpeg 400w, https:\/\/bison.erhanteknik.com.tr\/urunlerimiz\/wp-content\/uploads\/2024\/08\/hard-outside-duz-300x231.jpeg 300w, https:\/\/bison.erhanteknik.com.tr\/urunlerimiz\/wp-content\/uploads\/2024\/08\/hard-outside-duz-1x1.jpeg 1w, https:\/\/bison.erhanteknik.com.tr\/urunlerimiz\/wp-content\/uploads\/2024\/08\/hard-outside-duz-10x8.jpeg 10w\" sizes=\"(max-width: 400px) 100vw, 400px\" \/>\t\t\t\t\t\t\t\t\t\t\t\t\t\t\t<\/div>\n\t\t\t\t<\/div>\n\t\t\t\t<div class=\"elementor-element elementor-element-dacd16a elementor-widget elementor-widget-heading\" data-id=\"dacd16a\" data-element_type=\"widget\" data-e-type=\"widget\" data-widget_type=\"heading.default\">\n\t\t\t\t<div class=\"elementor-widget-container\">\n\t\t\t\t\t<h2 class=\"elementor-heading-title elementor-size-default\">Sert D\u00fcz Ayak Tak\u0131m\u0131<\/h2>\t\t\t\t<\/div>\n\t\t\t\t<\/div>\n\t\t\t\t\t<\/div>\n\t\t<\/div>\n\t\t\t\t<div class=\"elementor-column elementor-col-25 elementor-inner-column elementor-element elementor-element-7897fac\" data-id=\"7897fac\" data-element_type=\"column\" data-e-type=\"column\">\n\t\t\t<div class=\"elementor-widget-wrap elementor-element-populated\">\n\t\t\t\t\t\t<div class=\"elementor-element elementor-element-2e4b391 dce_masking-none elementor-widget elementor-widget-image\" data-id=\"2e4b391\" data-element_type=\"widget\" data-e-type=\"widget\" data-widget_type=\"image.default\">\n\t\t\t\t<div class=\"elementor-widget-container\">\n\t\t\t\t\t\t\t\t\t\t\t\t\t\t\t<img loading=\"lazy\" decoding=\"async\" width=\"550\" height=\"505\" src=\"https:\/\/bison.erhanteknik.com.tr\/urunlerimiz\/wp-content\/uploads\/2024\/08\/hard-inside-ters.jpg\" class=\"attachment-large size-large wp-image-5710\" alt=\"\" loading=\"lazy\" srcset=\"https:\/\/bison.erhanteknik.com.tr\/urunlerimiz\/wp-content\/uploads\/2024\/08\/hard-inside-ters.jpg 550w, https:\/\/bison.erhanteknik.com.tr\/urunlerimiz\/wp-content\/uploads\/2024\/08\/hard-inside-ters-300x275.jpg 300w, https:\/\/bison.erhanteknik.com.tr\/urunlerimiz\/wp-content\/uploads\/2024\/08\/hard-inside-ters-1x1.jpg 1w, https:\/\/bison.erhanteknik.com.tr\/urunlerimiz\/wp-content\/uploads\/2024\/08\/hard-inside-ters-10x10.jpg 10w\" sizes=\"(max-width: 550px) 100vw, 550px\" \/>\t\t\t\t\t\t\t\t\t\t\t\t\t\t\t<\/div>\n\t\t\t\t<\/div>\n\t\t\t\t<div class=\"elementor-element elementor-element-b2c9f9c elementor-widget elementor-widget-heading\" data-id=\"b2c9f9c\" data-element_type=\"widget\" data-e-type=\"widget\" data-widget_type=\"heading.default\">\n\t\t\t\t<div class=\"elementor-widget-container\">\n\t\t\t\t\t<h2 class=\"elementor-heading-title elementor-size-default\">Sert Ters Ayak Tak\u0131m\u0131<\/h2>\t\t\t\t<\/div>\n\t\t\t\t<\/div>\n\t\t\t\t\t<\/div>\n\t\t<\/div>\n\t\t\t\t<div class=\"elementor-column elementor-col-25 elementor-inner-column elementor-element elementor-element-7f8dcbc\" data-id=\"7f8dcbc\" data-element_type=\"column\" data-e-type=\"column\">\n\t\t\t<div class=\"elementor-widget-wrap elementor-element-populated\">\n\t\t\t\t\t\t<div class=\"elementor-element elementor-element-53e3953 dce_masking-none elementor-widget elementor-widget-image\" data-id=\"53e3953\" data-element_type=\"widget\" data-e-type=\"widget\" data-widget_type=\"image.default\">\n\t\t\t\t<div class=\"elementor-widget-container\">\n\t\t\t\t\t\t\t\t\t\t\t\t\t\t\t<img loading=\"lazy\" decoding=\"async\" width=\"550\" height=\"320\" src=\"https:\/\/bison.erhanteknik.com.tr\/urunlerimiz\/wp-content\/uploads\/2024\/08\/anahtar.jpg\" class=\"attachment-large size-large wp-image-5711\" alt=\"\" loading=\"lazy\" srcset=\"https:\/\/bison.erhanteknik.com.tr\/urunlerimiz\/wp-content\/uploads\/2024\/08\/anahtar.jpg 550w, https:\/\/bison.erhanteknik.com.tr\/urunlerimiz\/wp-content\/uploads\/2024\/08\/anahtar-300x175.jpg 300w, https:\/\/bison.erhanteknik.com.tr\/urunlerimiz\/wp-content\/uploads\/2024\/08\/anahtar-1x1.jpg 1w, https:\/\/bison.erhanteknik.com.tr\/urunlerimiz\/wp-content\/uploads\/2024\/08\/anahtar-10x6.jpg 10w\" sizes=\"(max-width: 550px) 100vw, 550px\" \/>\t\t\t\t\t\t\t\t\t\t\t\t\t\t\t<\/div>\n\t\t\t\t<\/div>\n\t\t\t\t<div class=\"elementor-element elementor-element-78e408a elementor-widget elementor-widget-heading\" data-id=\"78e408a\" data-element_type=\"widget\" data-e-type=\"widget\" data-widget_type=\"heading.default\">\n\t\t\t\t<div class=\"elementor-widget-container\">\n\t\t\t\t\t<h2 class=\"elementor-heading-title elementor-size-default\">Ayna Anahtar\u0131<\/h2>\t\t\t\t<\/div>\n\t\t\t\t<\/div>\n\t\t\t\t\t<\/div>\n\t\t<\/div>\n\t\t\t\t<div class=\"elementor-column elementor-col-25 elementor-inner-column elementor-element elementor-element-6e10ca8\" data-id=\"6e10ca8\" data-element_type=\"column\" data-e-type=\"column\">\n\t\t\t<div class=\"elementor-widget-wrap elementor-element-populated\">\n\t\t\t\t\t\t<div class=\"elementor-element elementor-element-bfd3cdc elementor-widget elementor-widget-dce-filebrowser\" data-id=\"bfd3cdc\" data-element_type=\"widget\" data-e-type=\"widget\" data-widget_type=\"dce-filebrowser.default\">\n\t\t\t\t<div class=\"elementor-widget-container\">\n\t\t\t\t\t<ul class=\"list-unstyled dce-list dce-list-root\"><li class=\"file ext-pdf\"><a class=\"block btn-block dce-file-download\" href=\"https:\/\/bison.erhanteknik.com.tr\/urunlerimiz\/wp-content\/uploads\/2024\/08\/3204-teknik-katalog.pdf\"  data-md5=\"e2562218ecc592b6d1c6a23df56594d4\" data-post-id=\"5723\" target=\"_blank\"><span class=\"middle fiv-viv fiv-icon-pdf\"><\/span><span class=\"dce-file-text\"><strong class=\"dce-file-title\">3204 Teknik Katalog<\/strong><\/span><\/a><\/li><li class=\"file ext-pdf\"><a class=\"block btn-block dce-file-download\" href=\"https:\/\/bison.erhanteknik.com.tr\/urunlerimiz\/wp-content\/uploads\/2024\/08\/3204-urun-katalogu.pdf\"  data-md5=\"d09de4ecb72ac0888e0aaf67d722a7ff\" data-post-id=\"5721\" target=\"_blank\"><span class=\"middle fiv-viv fiv-icon-pdf\"><\/span><span class=\"dce-file-text\"><strong class=\"dce-file-title\">3204 \u00dcr\u00fcn Katalo\u011fu<\/strong><\/span><\/a><\/li><li class=\"file ext-pdf\"><a class=\"block btn-block dce-file-download\" href=\"https:\/\/bison.erhanteknik.com.tr\/urunlerimiz\/wp-content\/uploads\/2024\/08\/3204-kullanim-kilavuzu.pdf\"  data-md5=\"eb0503fe73be26842cdda752fe32cccd\" data-post-id=\"5722\" target=\"_blank\"><span class=\"middle fiv-viv fiv-icon-pdf\"><\/span><span class=\"dce-file-text\"><strong class=\"dce-file-title\">3204 Kullan\u0131m K\u0131lavuzu<\/strong><\/span><\/a><\/li><\/ul>\t\t<script type=\"text\/javascript\" >\n\t\t\tvar updateOptionsNonce = \"f5dc28b3f0\";\n\t\t\tvar updatePostMetasNonce = \"2b5bdb5887\";\n\t\t\tvar lastHide = '';\n\t\t\tjQuery(function () {\n\t\t\t\tif (typeof ajaxurl === 'undefined') {\n\t\t\t\t\tvar ajaxurl = \"\/urunlerimiz\/wp-admin\/admin-ajax.php\";\n\t\t\t\t}\n\n\t\t\t\n\t\t\t\t\t});\n\t\t<\/script>\n\t\t\t\t\t\t<\/div>\n\t\t\t\t<\/div>\n\t\t\t\t\t<\/div>\n\t\t<\/div>\n\t\t\t\t\t<\/div>\n\t\t<\/section>\n\t\t\t\t\t<\/div>\n\t\t<\/div>\n\t\t\t\t\t<\/div>\n\t\t<\/section>\n\t\t<div data-particle_enable=\"false\" data-particle-mobile-disabled=\"false\" class=\"elementor-element elementor-element-2ef6058 e-flex e-con-boxed e-con e-parent\" data-id=\"2ef6058\" data-element_type=\"container\" data-e-type=\"container\">\n\t\t\t\t\t<div class=\"e-con-inner\">\n\t\t\t\t<div class=\"elementor-element elementor-element-a14458a elementor-widget elementor-widget-text-editor\" data-id=\"a14458a\" data-element_type=\"widget\" data-e-type=\"widget\" data-widget_type=\"text-editor.default\">\n\t\t\t\t<div class=\"elementor-widget-container\">\n\t\t\t\t\t\t\t\t\t<p><b style=\"color: var( --e-global-color-secondary ); font-family: 'Uniform Condensed Bold', sans-serif; font-size: 2rem;\">Teknik \u00d6zellikler<\/b><\/p><h3><strong>Malzeme ve Dayan\u0131kl\u0131l\u0131k<\/strong><\/h3><p>Bison 3204 3 Ayakl\u0131 \u00dcniversal Torna Aynas\u0131\u00a0y\u00fcksek kaliteli d\u00f6kme demirden \u00fcretilmi\u015ftir. Bu malzeme se\u00e7imi, aynaya \u00fcst\u00fcn dayan\u0131kl\u0131l\u0131k ve uzun \u00f6m\u00fcr sa\u011flar. Ayr\u0131ca, d\u00f6kme demir yap\u0131, titre\u015fimleri absorbe etme \u00f6zelli\u011fi sayesinde i\u015flem s\u0131ras\u0131nda daha iyi bir y\u00fczey kalitesi elde edilmesine yard\u0131mc\u0131 olur. \u00c7eneler ise sertle\u015ftirilmi\u015f \u00e7elikten yap\u0131lm\u0131\u015f olup, a\u015f\u0131nmaya kar\u015f\u0131 y\u00fcksek diren\u00e7 g\u00f6sterir ve uzun s\u00fcreli kullan\u0131mlarda bile hassasiyetini korur.<\/p><h3><b>Hassasiyet ve Performans<\/b><\/h3><p>Bison 3204 3 Ayakl\u0131 \u00dcniversal Torna Aynas\u0131, y\u00fcksek hassasiyet gerektiren i\u015flemler i\u00e7in tasarlanm\u0131\u015ft\u0131r. Ayna, DIN 6350 standard\u0131na uygun olarak \u00fcretilmi\u015f olup, 0.03 mm&#8217;den daha d\u00fc\u015f\u00fck bir radyal ve eksenel \u00e7al\u0131\u015fma hassasiyeti sunar. Bu \u00f6zellik, \u00f6zellikle hassas par\u00e7alar\u0131n \u00fcretiminde kritik \u00f6neme sahiptir. Ayr\u0131ca, aynan\u0131n dengeli yap\u0131s\u0131, y\u00fcksek h\u0131zlarda bile titre\u015fimsiz bir \u00e7al\u0131\u015fma sa\u011flar, bu da i\u015flenen par\u00e7alar\u0131n y\u00fczey kalitesini art\u0131r\u0131r.<\/p><h3><strong>Ayarlama ve Kullan\u0131m Kolayl\u0131\u011f\u0131<\/strong><\/h3><p>Bison 3204 3 Ayakl\u0131 \u00dcniversal Torna Aynas, kullan\u0131c\u0131 dostu bir tasar\u0131ma sahiptir. \u00c7enelerin ayarlanmas\u0131 i\u00e7in \u00f6zel bir anahtar kullan\u0131l\u0131r ve bu i\u015flem h\u0131zl\u0131 ve kolay bir \u015fekilde ger\u00e7ekle\u015ftirilebilir. Ayr\u0131ca, aynan\u0131n arka k\u0131sm\u0131nda bulunan montaj delikleri, \u00e7e\u015fitli torna modellerine uyum sa\u011flayacak \u015fekilde tasarlanm\u0131\u015ft\u0131r. Bu \u00f6zellik, aynan\u0131n farkl\u0131 makinelerde kullan\u0131labilmesini sa\u011flayarak, at\u00f6lye verimlili\u011fini art\u0131r\u0131r.<\/p><h3><strong>G\u00fcvenlik \u00d6zellikleri<\/strong><\/h3><p>G\u00fcvenlik, Bison 3204 3 Ayakl\u0131 \u00dcniversal Torna Aynas\u0131n\u0131\u00a0tasar\u0131m\u0131nda \u00f6nemli bir fakt\u00f6rd\u00fcr. Ayna, y\u00fcksek h\u0131zlarda g\u00fcvenli \u00e7al\u0131\u015fma i\u00e7in optimize edilmi\u015f olup, maksimum 4000 RPM&#8217;e kadar kullan\u0131labilir. Ayr\u0131ca, \u00e7enelerin \u00fczerinde bulunan g\u00fcvenlik t\u0131rnaklar\u0131, i\u015f par\u00e7as\u0131n\u0131n beklenmedik bir \u015fekilde f\u0131rlamas\u0131n\u0131 \u00f6nler. Bu \u00f6zellik, operat\u00f6r g\u00fcvenli\u011fini art\u0131r\u0131rken, ayn\u0131 zamanda i\u015f par\u00e7as\u0131 ve makine hasar\u0131n\u0131 da minimize eder.<\/p><h3><strong>Bak\u0131m ve Servis<\/strong><\/h3><p>Bison 3204 3 Ayakl\u0131 \u00dcniversal Torna Aynas\u0131, minimum bak\u0131m gerektiren bir \u00fcr\u00fcnd\u00fcr. Bununla birlikte, optimum performans ve uzun \u00f6m\u00fcr i\u00e7in d\u00fczenli bak\u0131m \u00f6nerilir. Bu bak\u0131m, \u00e7enelerin ve hareket mekanizmalar\u0131n\u0131n temizlenmesi ve ya\u011flanmas\u0131n\u0131 i\u00e7erir. Ayr\u0131ca, Bison firmas\u0131, \u00fcr\u00fcn i\u00e7in kapsaml\u0131 bir servis a\u011f\u0131 sunmakta olup, gerekti\u011finde yedek par\u00e7a temini ve teknik destek sa\u011flamaktad\u0131r.<\/p><h3><strong>Uygulama Alanlar\u0131<\/strong><\/h3><p>Bison 3204 3 Ayakl\u0131 \u00dcniversal Torna Aynas\u0131, \u00e7e\u015fitli end\u00fcstrilerde ve uygulamalarda kullan\u0131labilir. Otomotiv sekt\u00f6r\u00fcnde motor par\u00e7alar\u0131, \u015faftlar ve di\u015fliler gibi hassas bile\u015fenlerin \u00fcretiminde s\u0131kl\u0131kla tercih edilir. Ayr\u0131ca, havac\u0131l\u0131k ve savunma sanayiinde kullan\u0131lan y\u00fcksek hassasiyetli par\u00e7alar\u0131n i\u015flenmesinde de kullan\u0131l\u0131r. Genel makine imalat\u0131, enerji sekt\u00f6r\u00fc ve t\u0131bbi cihaz \u00fcretimi gibi alanlarda da Bison 3 Ayakl\u0131 \u00dcniversal Torna Aynas\u00a0yayg\u0131n olarak kullan\u0131lmaktad\u0131r.<\/p>\t\t\t\t\t\t\t\t<\/div>\n\t\t\t\t<\/div>\n\t\t\t\t\t<\/div>\n\t\t\t\t<\/div>\n\t\t\t\t<\/div>\n\t\t","protected":false},"excerpt":{"rendered":"<p>Bison 3204 3 Ayakl\u0131 \u00dcniversal Torna Aynas\u0131, hassas metal i\u015fleme end\u00fcstrisinde yayg\u0131n olarak kullan\u0131lan y\u00fcksek kaliteli bir ekipmand\u0131r. Bu ayna, \u00f6zellikle hassas tornalama i\u015flemleri i\u00e7in tasarlanm\u0131\u015f olup, \u00e7ok \u00e7e\u015fitli uygulamalarda kullan\u0131labilecek \u00e7ok y\u00f6nl\u00fc bir \u00fcr\u00fcnd\u00fcr. <\/p>\n","protected":false},"featured_media":5916,"comment_status":"open","ping_status":"closed","template":"","meta":[],"etheme_brands":[{"term_id":67,"name":"Bison","slug":"bison","term_group":0,"term_taxonomy_id":67,"taxonomy":"brand","description":"","parent":0,"count":52,"filter":"raw"}],"product_cat":[71,70],"product_tag":[],"class_list":{"0":"post-5953","1":"product","2":"type-product","3":"status-publish","4":"has-post-thumbnail","6":"brand-bison","7":"product_cat-3-ayakli-universal-torna-aynalari","8":"product_cat-universal-torna-aynalari","10":"first","11":"instock","12":"shipping-taxable","13":"product-type-simple"},"_links":{"self":[{"href":"https:\/\/bison.erhanteknik.com.tr\/urunlerimiz\/wp-json\/wp\/v2\/product\/5953"}],"collection":[{"href":"https:\/\/bison.erhanteknik.com.tr\/urunlerimiz\/wp-json\/wp\/v2\/product"}],"about":[{"href":"https:\/\/bison.erhanteknik.com.tr\/urunlerimiz\/wp-json\/wp\/v2\/types\/product"}],"replies":[{"embeddable":true,"href":"https:\/\/bison.erhanteknik.com.tr\/urunlerimiz\/wp-json\/wp\/v2\/comments?post=5953"}],"version-history":[{"count":0,"href":"https:\/\/bison.erhanteknik.com.tr\/urunlerimiz\/wp-json\/wp\/v2\/product\/5953\/revisions"}],"wp:featuredmedia":[{"embeddable":true,"href":"https:\/\/bison.erhanteknik.com.tr\/urunlerimiz\/wp-json\/wp\/v2\/media\/5916"}],"wp:attachment":[{"href":"https:\/\/bison.erhanteknik.com.tr\/urunlerimiz\/wp-json\/wp\/v2\/media?parent=5953"}],"wp:term":[{"taxonomy":"brand","embeddable":true,"href":"https:\/\/bison.erhanteknik.com.tr\/urunlerimiz\/wp-json\/wp\/v2\/etheme_brands?post=5953"},{"taxonomy":"product_cat","embeddable":true,"href":"https:\/\/bison.erhanteknik.com.tr\/urunlerimiz\/wp-json\/wp\/v2\/product_cat?post=5953"},{"taxonomy":"product_tag","embeddable":true,"href":"https:\/\/bison.erhanteknik.com.tr\/urunlerimiz\/wp-json\/wp\/v2\/product_tag?post=5953"}],"curies":[{"name":"wp","href":"https:\/\/api.w.org\/{rel}","templated":true}]}}