{"id":6063,"date":"2024-09-02T19:07:16","date_gmt":"2024-09-02T19:07:16","guid":{"rendered":"https:\/\/bison.erhanteknik.com.tr\/urunlerimiz\/?post_type=product&#038;p=6063"},"modified":"2024-09-02T19:16:51","modified_gmt":"2024-09-02T19:16:51","slug":"3275-160-bison-160x3-divizor-aynasi","status":"publish","type":"product","link":"https:\/\/bison.erhanteknik.com.tr\/urunlerimiz\/urun\/3275-160-bison-160x3-divizor-aynasi\/","title":{"rendered":"3275-160 | Bison 160&#215;3 Diviz\u00f6r Aynas\u0131"},"content":{"rendered":"\t\t<div data-elementor-type=\"product-post\" data-elementor-id=\"6063\" class=\"elementor elementor-6063\" data-elementor-post-type=\"product\">\n\t\t\t\t\t\t<section data-particle_enable=\"false\" data-particle-mobile-disabled=\"false\" class=\"elementor-section elementor-top-section elementor-element elementor-element-0b66845 elementor-section-boxed elementor-section-height-default elementor-section-height-default\" data-id=\"0b66845\" data-element_type=\"section\" data-e-type=\"section\">\n\t\t\t\t\t\t<div class=\"elementor-container elementor-column-gap-default\">\n\t\t\t\t\t<div class=\"elementor-column elementor-col-100 elementor-top-column elementor-element elementor-element-0b73d52\" data-id=\"0b73d52\" data-element_type=\"column\" data-e-type=\"column\">\n\t\t\t<div class=\"elementor-widget-wrap elementor-element-populated\">\n\t\t\t\t\t\t<section data-particle_enable=\"false\" data-particle-mobile-disabled=\"false\" class=\"elementor-section elementor-inner-section elementor-element elementor-element-30278be elementor-section-content-bottom elementor-section-boxed elementor-section-height-default elementor-section-height-default\" data-id=\"30278be\" data-element_type=\"section\" data-e-type=\"section\">\n\t\t\t\t\t\t<div class=\"elementor-container elementor-column-gap-default\">\n\t\t\t\t\t<div class=\"elementor-column elementor-col-25 elementor-inner-column elementor-element elementor-element-4ab0dc2\" data-id=\"4ab0dc2\" data-element_type=\"column\" data-e-type=\"column\">\n\t\t\t<div class=\"elementor-widget-wrap elementor-element-populated\">\n\t\t\t\t\t\t<div class=\"elementor-element elementor-element-691adf3 dce_masking-none elementor-widget elementor-widget-image\" data-id=\"691adf3\" data-element_type=\"widget\" data-e-type=\"widget\" data-widget_type=\"image.default\">\n\t\t\t\t<div class=\"elementor-widget-container\">\n\t\t\t\t\t\t\t\t\t\t\t\t\t\t\t<img loading=\"lazy\" decoding=\"async\" width=\"729\" height=\"819\" src=\"https:\/\/bison.erhanteknik.com.tr\/urunlerimiz\/wp-content\/uploads\/2024\/08\/imalat-ayak.png\" class=\"attachment-large size-large wp-image-6021\" alt=\"\" loading=\"lazy\" srcset=\"https:\/\/bison.erhanteknik.com.tr\/urunlerimiz\/wp-content\/uploads\/2024\/08\/imalat-ayak.png 729w, https:\/\/bison.erhanteknik.com.tr\/urunlerimiz\/wp-content\/uploads\/2024\/08\/imalat-ayak-267x300.png 267w, https:\/\/bison.erhanteknik.com.tr\/urunlerimiz\/wp-content\/uploads\/2024\/08\/imalat-ayak-600x674.png 600w, https:\/\/bison.erhanteknik.com.tr\/urunlerimiz\/wp-content\/uploads\/2024\/08\/imalat-ayak-1x1.png 1w, https:\/\/bison.erhanteknik.com.tr\/urunlerimiz\/wp-content\/uploads\/2024\/08\/imalat-ayak-10x10.png 10w\" sizes=\"(max-width: 729px) 100vw, 729px\" \/>\t\t\t\t\t\t\t\t\t\t\t\t\t\t\t<\/div>\n\t\t\t\t<\/div>\n\t\t\t\t<div class=\"elementor-element elementor-element-dacd16a elementor-widget elementor-widget-heading\" data-id=\"dacd16a\" data-element_type=\"widget\" data-e-type=\"widget\" data-widget_type=\"heading.default\">\n\t\t\t\t<div class=\"elementor-widget-container\">\n\t\t\t\t\t<h2 class=\"elementor-heading-title elementor-size-default\">Sert \u0130malat Ayak Tak\u0131m\u0131<\/h2>\t\t\t\t<\/div>\n\t\t\t\t<\/div>\n\t\t\t\t\t<\/div>\n\t\t<\/div>\n\t\t\t\t<div class=\"elementor-column elementor-col-25 elementor-inner-column elementor-element elementor-element-7897fac\" data-id=\"7897fac\" data-element_type=\"column\" data-e-type=\"column\">\n\t\t\t<div class=\"elementor-widget-wrap\">\n\t\t\t\t\t\t\t<\/div>\n\t\t<\/div>\n\t\t\t\t<div class=\"elementor-column elementor-col-25 elementor-inner-column elementor-element elementor-element-7f8dcbc\" data-id=\"7f8dcbc\" data-element_type=\"column\" data-e-type=\"column\">\n\t\t\t<div class=\"elementor-widget-wrap elementor-element-populated\">\n\t\t\t\t\t\t<div class=\"elementor-element elementor-element-53e3953 dce_masking-none elementor-widget elementor-widget-image\" data-id=\"53e3953\" data-element_type=\"widget\" data-e-type=\"widget\" data-widget_type=\"image.default\">\n\t\t\t\t<div class=\"elementor-widget-container\">\n\t\t\t\t\t\t\t\t\t\t\t\t\t\t\t<img loading=\"lazy\" decoding=\"async\" width=\"550\" height=\"320\" src=\"https:\/\/bison.erhanteknik.com.tr\/urunlerimiz\/wp-content\/uploads\/2024\/08\/anahtar.jpg\" class=\"attachment-large size-large wp-image-5711\" alt=\"\" loading=\"lazy\" srcset=\"https:\/\/bison.erhanteknik.com.tr\/urunlerimiz\/wp-content\/uploads\/2024\/08\/anahtar.jpg 550w, https:\/\/bison.erhanteknik.com.tr\/urunlerimiz\/wp-content\/uploads\/2024\/08\/anahtar-300x175.jpg 300w, https:\/\/bison.erhanteknik.com.tr\/urunlerimiz\/wp-content\/uploads\/2024\/08\/anahtar-1x1.jpg 1w, https:\/\/bison.erhanteknik.com.tr\/urunlerimiz\/wp-content\/uploads\/2024\/08\/anahtar-10x6.jpg 10w\" sizes=\"(max-width: 550px) 100vw, 550px\" \/>\t\t\t\t\t\t\t\t\t\t\t\t\t\t\t<\/div>\n\t\t\t\t<\/div>\n\t\t\t\t<div class=\"elementor-element elementor-element-78e408a elementor-widget elementor-widget-heading\" data-id=\"78e408a\" data-element_type=\"widget\" data-e-type=\"widget\" data-widget_type=\"heading.default\">\n\t\t\t\t<div class=\"elementor-widget-container\">\n\t\t\t\t\t<h2 class=\"elementor-heading-title elementor-size-default\">Ayna Anahtar\u0131<\/h2>\t\t\t\t<\/div>\n\t\t\t\t<\/div>\n\t\t\t\t\t<\/div>\n\t\t<\/div>\n\t\t\t\t<div class=\"elementor-column elementor-col-25 elementor-inner-column elementor-element elementor-element-6e10ca8\" data-id=\"6e10ca8\" data-element_type=\"column\" data-e-type=\"column\">\n\t\t\t<div class=\"elementor-widget-wrap elementor-element-populated\">\n\t\t\t\t\t\t<div class=\"elementor-element elementor-element-bfd3cdc elementor-widget elementor-widget-dce-filebrowser\" data-id=\"bfd3cdc\" data-element_type=\"widget\" data-e-type=\"widget\" data-widget_type=\"dce-filebrowser.default\">\n\t\t\t\t<div class=\"elementor-widget-container\">\n\t\t\t\t\t<ul class=\"list-unstyled dce-list dce-list-root\"><li class=\"file ext-pdf\"><a class=\"block btn-block dce-file-download\" href=\"https:\/\/bison.erhanteknik.com.tr\/urunlerimiz\/wp-content\/uploads\/2024\/08\/3275-urunkatalogu.pdf\"  data-md5=\"d9781bc8c140f689f79edc7df629fa3b\" data-post-id=\"6034\" target=\"_blank\"><span class=\"middle fiv-viv fiv-icon-pdf\"><\/span><span class=\"dce-file-text\"><strong class=\"dce-file-title\">3275 \u00dcr\u00fcn Katalo\u011fu<\/strong><\/span><\/a><\/li><li class=\"file ext-pdf\"><a class=\"block btn-block dce-file-download\" href=\"https:\/\/bison.erhanteknik.com.tr\/urunlerimiz\/wp-content\/uploads\/2024\/08\/3275-teknikkatalog.pdf\"  data-md5=\"3d6c986d5a8070b4ea5ffa42cc01ac54\" data-post-id=\"6033\" target=\"_blank\"><span class=\"middle fiv-viv fiv-icon-pdf\"><\/span><span class=\"dce-file-text\"><strong class=\"dce-file-title\">3275 Teknik Katalog<\/strong><\/span><\/a><\/li><li class=\"file ext-pdf\"><a class=\"block btn-block dce-file-download\" href=\"https:\/\/bison.erhanteknik.com.tr\/urunlerimiz\/wp-content\/uploads\/2024\/08\/3275-kullanimkilavuzu.pdf\"  data-md5=\"3b40f785146ef353fa84bb8df6390ed6\" data-post-id=\"6032\" target=\"_blank\"><span class=\"middle fiv-viv fiv-icon-pdf\"><\/span><span class=\"dce-file-text\"><strong class=\"dce-file-title\">3275 Kullan\u0131m K\u0131lavuzu<\/strong><\/span><\/a><\/li><\/ul>\t\t<script type=\"text\/javascript\" >\n\t\t\tvar updateOptionsNonce = \"f5dc28b3f0\";\n\t\t\tvar updatePostMetasNonce = \"2b5bdb5887\";\n\t\t\tvar lastHide = '';\n\t\t\tjQuery(function () {\n\t\t\t\tif (typeof ajaxurl === 'undefined') {\n\t\t\t\t\tvar ajaxurl = \"\/urunlerimiz\/wp-admin\/admin-ajax.php\";\n\t\t\t\t}\n\n\t\t\t\n\t\t\t\t\t});\n\t\t<\/script>\n\t\t\t\t\t\t<\/div>\n\t\t\t\t<\/div>\n\t\t\t\t\t<\/div>\n\t\t<\/div>\n\t\t\t\t\t<\/div>\n\t\t<\/section>\n\t\t\t\t\t<\/div>\n\t\t<\/div>\n\t\t\t\t\t<\/div>\n\t\t<\/section>\n\t\t<div data-particle_enable=\"false\" data-particle-mobile-disabled=\"false\" class=\"elementor-element elementor-element-2ef6058 e-flex e-con-boxed e-con e-parent\" data-id=\"2ef6058\" data-element_type=\"container\" data-e-type=\"container\">\n\t\t\t\t\t<div class=\"e-con-inner\">\n\t\t\t\t<div class=\"elementor-element elementor-element-a14458a elementor-widget elementor-widget-text-editor\" data-id=\"a14458a\" data-element_type=\"widget\" data-e-type=\"widget\" data-widget_type=\"text-editor.default\">\n\t\t\t\t<div class=\"elementor-widget-container\">\n\t\t\t\t\t\t\t\t\t<h3>Bison 3 Ayakl\u0131 Diviz\u00f6r Aynas\u0131: End\u00fcstriyel \u00dcretimde Hassasiyet ve Dayan\u0131kl\u0131l\u0131\u011f\u0131n \u00d6nc\u00fcs\u00fc<\/h3>\n<p>End\u00fcstriyel \u00fcretim s\u00fcre\u00e7lerinde hassasiyet ve dayan\u0131kl\u0131l\u0131k, ba\u015far\u0131l\u0131 sonu\u00e7lar elde etmek i\u00e7in kritik \u00f6neme sahiptir. Bu ba\u011flamda, Bison 3 Ayakl\u0131 Diviz\u00f6r Aynas\u0131, modern \u00fcretim tesislerinin vazge\u00e7ilmez bir par\u00e7as\u0131 haline gelmi\u015ftir. Bu makale, Bison 3 Ayakl\u0131 Diviz\u00f6r Aynas\u0131&#8217;n\u0131n \u00f6zelliklerini, avantajlar\u0131n\u0131 ve end\u00fcstriyel uygulamalardaki rol\u00fcn\u00fc detayl\u0131 bir \u015fekilde incelemektedir.<\/p>\n<h3>\u00dcr\u00fcn \u00d6zellikleri ve Teknik Detaylar<\/h3>\n<h4><b>1. Sertle\u015ftirilmi\u015f Ayna Y\u00fczeyleri:<\/b><\/h4>\n<p>Bison 3 Ayakl\u0131 Diviz\u00f6r Aynas\u0131&#8217;n\u0131n en \u00f6nemli \u00f6zelliklerinden biri, sertle\u015ftirilmi\u015f ayna y\u00fczeyleridir. Bu \u00f6zellik, \u00fcr\u00fcn\u00fcn uzun s\u00fcreli kullan\u0131mda bile hassasiyetini korumas\u0131n\u0131 sa\u011flar. Sertle\u015ftirilmi\u015f y\u00fczeyler, a\u015f\u0131nmaya kar\u015f\u0131 y\u00fcksek diren\u00e7 g\u00f6stererek, \u00fcr\u00fcn\u00fcn \u00f6mr\u00fcn\u00fc uzat\u0131r ve i\u015flem hassasiyetinin s\u00fcrd\u00fcr\u00fclebilirli\u011fini garanti eder.<\/p>\n<h4><b>2. Kendinden Merkezleme \u00d6zelli\u011fi:<\/b><\/h4>\n<p>\u00dcr\u00fcn\u00fcn bir di\u011fer \u00f6nemli \u00f6zelli\u011fi, kendinden merkezleme yetene\u011fidir. Bu \u00f6zellik, \u00f6zellikle \u00fc\u00e7gen ve alt\u0131gen par\u00e7alar\u0131n kolayca s\u0131k\u0131\u015ft\u0131r\u0131lmas\u0131na olanak tan\u0131r. Farkl\u0131 geometrilere sahip i\u015f par\u00e7alar\u0131yla \u00e7al\u0131\u015f\u0131rken, bu \u00f6zellik kullan\u0131c\u0131lara b\u00fcy\u00fck bir esneklik ve kolayl\u0131k sa\u011flar.<\/p>\n<h4><b>3. D\u00f6kme Demir G\u00f6vde:<\/b><\/h4>\n<p>Bison 3 Ayakl\u0131 Diviz\u00f6r Aynas\u0131&#8217;n\u0131n d\u00f6kme demir g\u00f6vdesi, \u00fcr\u00fcne sa\u011flaml\u0131k ve stabilite kazand\u0131r\u0131r. Bu yap\u0131, y\u00fcksek h\u0131zlarda bile titre\u015fimi minimize ederek, hassas i\u015flemlerin g\u00fcvenle ger\u00e7ekle\u015ftirilmesini m\u00fcmk\u00fcn k\u0131lar. D\u00f6kme demir g\u00f6vde ayn\u0131 zamanda \u00fcr\u00fcn\u00fcn a\u011f\u0131rl\u0131\u011f\u0131n\u0131 art\u0131rarak, \u00e7al\u0131\u015fma s\u0131ras\u0131nda istikrar\u0131 sa\u011flar.<\/p>\n<h4><b>4. Dengeli \u00c7elik Ala\u015f\u0131ml\u0131 G\u00f6vde:<\/b><\/h4>\n<p>\u00dcr\u00fcn\u00fcn \u00e7elik ala\u015f\u0131ml\u0131 g\u00f6vdesi, genel performans\u0131n\u0131 art\u0131r\u0131r ve uzun \u00f6m\u00fcrl\u00fc olmas\u0131n\u0131 sa\u011flar. Bu malzeme se\u00e7imi, \u00fcr\u00fcn\u00fcn zorlu end\u00fcstriyel ortamlarda bile dayan\u0131kl\u0131l\u0131\u011f\u0131n\u0131 korumas\u0131na yard\u0131mc\u0131 olur.<\/p>\n<h4><b>5. Esnek Montaj Sistemi:<\/b><\/h4>\n<p>Bison 3 Ayakl\u0131 Diviz\u00f6r Aynas\u0131&#8217;n\u0131n esnek montaj sistemi, kullan\u0131c\u0131lara kurulum konusunda \u00e7e\u015fitli se\u00e7enekler sunar. G\u00f6vde \u00fczerindeki delikler sayesinde, ayna \u00f6nden veya arkadan monte edilebilir. Bu \u00f6zellik, \u00fcr\u00fcn\u00fcn farkl\u0131 \u00e7al\u0131\u015fma ortamlar\u0131na ve makine konfig\u00fcrasyonlar\u0131na kolayca uyum sa\u011flamas\u0131n\u0131 m\u00fcmk\u00fcn k\u0131lar.<\/p>\n<h4><b>6. Ek T-Kanallar\u0131:<\/b><\/h4>\n<p>1000 mm ve \u00fczeri \u00e7apl\u0131 modellerde bulunan ek T-kanallar\u0131, daha b\u00fcy\u00fck ve karma\u015f\u0131k i\u015f par\u00e7alar\u0131yla \u00e7al\u0131\u015f\u0131rken ek stabilite ve esneklik sa\u011flar. Bu \u00f6zellik, \u00f6zellikle b\u00fcy\u00fck \u00f6l\u00e7ekli \u00fcretim projelerinde kritik \u00f6neme sahiptir.<\/p>\n<h3><b>Avantajlar ve Kullan\u0131m Alanlar\u0131<\/b><\/h3>\n<h4>1. Hassasiyet ve Tutarl\u0131l\u0131k:<\/h4>\n<p>Bison 3 Ayakl\u0131 Diviz\u00f6r Aynas\u0131&#8217;n\u0131n sertle\u015ftirilmi\u015f y\u00fczeyleri ve dengeli yap\u0131s\u0131, tekrarlanan i\u015flemlerde y\u00fcksek hassasiyet ve tutarl\u0131l\u0131k sa\u011flar. Bu \u00f6zellik, \u00f6zellikle seri \u00fcretimde kalite standartlar\u0131n\u0131n korunmas\u0131 a\u00e7\u0131s\u0131ndan kritiktir.<\/p>\n<h4>2. \u00c7ok Y\u00f6nl\u00fcl\u00fck:<\/h4>\n<p>Kendinden merkezleme \u00f6zelli\u011fi ve esnek montaj sistemi, \u00fcr\u00fcn\u00fcn \u00e7e\u015fitli i\u015f par\u00e7alar\u0131 ve makine konfig\u00fcrasyonlar\u0131yla kullan\u0131labilmesini sa\u011flar. Bu \u00e7ok y\u00f6nl\u00fcl\u00fck, \u00fcretim hatlar\u0131n\u0131n verimlili\u011fini art\u0131r\u0131r ve farkl\u0131 projelere h\u0131zl\u0131 adaptasyonu m\u00fcmk\u00fcn k\u0131lar.<\/p>\n<h4>3. Dayan\u0131kl\u0131l\u0131k ve Uzun \u00d6m\u00fcr:<\/h4>\n<p>D\u00f6kme demir ve \u00e7elik ala\u015f\u0131ml\u0131 g\u00f6vde, \u00fcr\u00fcn\u00fcn zorlu end\u00fcstriyel ko\u015fullarda uzun s\u00fcre dayanmas\u0131n\u0131 sa\u011flar. Bu dayan\u0131kl\u0131l\u0131k, bak\u0131m maliyetlerini d\u00fc\u015f\u00fcr\u00fcr ve \u00fcretim kesintilerini minimize eder.<\/p>\n<h4>4. Maliyet Etkinli\u011fi:<\/h4>\n<p>\u00dcr\u00fcn\u00fcn standart olarak sert imalat aya\u011f\u0131, taban aya\u011f\u0131 ve anahtarla birlikte gelmesi, kullan\u0131ma haz\u0131r bir paket sunar. Bu \u00f6zellik, ek ekipman ihtiyac\u0131n\u0131 azaltarak maliyet etkinli\u011fi sa\u011flar ve kurulum s\u00fcresini k\u0131salt\u0131r.<\/p>\n<h4>5. Geni\u015f Uygulama Alan\u0131:<\/h4>\n<p>Bison 3 Ayakl\u0131 Diviz\u00f6r Aynas\u0131, metal i\u015fleme, otomotiv, havac\u0131l\u0131k ve genel m\u00fchendislik gibi \u00e7e\u015fitli end\u00fcstriyel sekt\u00f6rlerde kullan\u0131labilir. \u00dcr\u00fcn\u00fcn esnekli\u011fi ve performans\u0131, onu geni\u015f bir uygulama yelpazesi i\u00e7in uygun hale getirir.<\/p>\n<h3>End\u00fcstriyel Uygulamalardaki Rol\u00fc<\/h3>\n<p>Bison 3 Ayakl\u0131 Diviz\u00f6r Aynas\u0131, modern \u00fcretim tesislerinde kritik bir rol oynamaktad\u0131r. \u00d6zellikle hassas par\u00e7a i\u015fleme, y\u00fczey i\u015fleme ve montaj i\u015flemlerinde kullan\u0131l\u0131r. \u00dcr\u00fcn\u00fcn sa\u011flad\u0131\u011f\u0131 hassasiyet ve tutarl\u0131l\u0131k, kalite kontrol s\u00fcre\u00e7lerini kolayla\u015ft\u0131r\u0131r ve \u00fcr\u00fcn kalitesini art\u0131r\u0131r.<\/p>\n<p>Otomotiv sekt\u00f6r\u00fcnde, motor par\u00e7alar\u0131 ve \u015fanz\u0131man bile\u015fenlerinin \u00fcretiminde s\u0131k\u00e7a kullan\u0131l\u0131r. Havac\u0131l\u0131k end\u00fcstrisinde ise, t\u00fcrbin b\u0131\u00e7aklar\u0131 ve hassas u\u00e7ak par\u00e7alar\u0131n\u0131n i\u015flenmesinde tercih edilir. Genel makine imalat\u0131nda, di\u015fli \u00e7arklar, miller ve di\u011fer hassas bile\u015fenlerin \u00fcretiminde \u00f6nemli bir rol oynar.<\/p>\n<p>\u00dcr\u00fcn\u00fcn esnekli\u011fi, \u00f6zellikle k\u00fc\u00e7\u00fck ve orta \u00f6l\u00e7ekli i\u015fletmelerde farkl\u0131 projelere h\u0131zl\u0131 adaptasyonu m\u00fcmk\u00fcn k\u0131lar. Bu, \u00fcretim hatlar\u0131n\u0131n verimlili\u011fini art\u0131r\u0131r ve i\u015fletmelerin rekabet g\u00fcc\u00fcn\u00fc y\u00fckseltir.<\/p>\n<p><\/p>\n<p>Bison 3 Ayakl\u0131 Diviz\u00f6r Aynas\u0131, end\u00fcstriyel \u00fcretimde hassasiyet ve dayan\u0131kl\u0131l\u0131k arayan profesyoneller i\u00e7in ideal bir \u00e7\u00f6z\u00fcmd\u00fcr. \u00dcr\u00fcn\u00fcn sa\u011flaml\u0131\u011f\u0131, hassasiyeti ve esnekli\u011fi, onu geni\u015f bir uygulama yelpazesi i\u00e7in uygun hale getirir. Sertle\u015ftirilmi\u015f y\u00fczeyleri, kendinden merkezleme \u00f6zelli\u011fi ve esnek montaj sistemi, kullan\u0131c\u0131lara \u00f6nemli avantajlar sa\u011flar.<\/p>\n<p>Bu \u00fcr\u00fcn, modern \u00fcretim tesislerinin verimlili\u011fini ve \u00fcr\u00fcn kalitesini art\u0131rmada \u00f6nemli bir rol oynamaktad\u0131r. End\u00fcstriyel \u00fcretimde kalitenin ve verimlili\u011fin art\u0131r\u0131lmas\u0131 hedefleniyorsa, Bison 3 Ayakl\u0131 Diviz\u00f6r Aynas\u0131 kesinlikle de\u011ferlendirilmesi gereken bir ekipmand\u0131r. Geli\u015fmi\u015f \u00f6zellikleri ve sa\u011flad\u0131\u011f\u0131 avantajlarla, bu \u00fcr\u00fcn end\u00fcstriyel \u00fcretimin gelece\u011finde \u00f6nemli bir yer tutmaya devam edecektir.<\/p>\t\t\t\t\t\t\t\t<\/div>\n\t\t\t\t<\/div>\n\t\t\t\t\t<\/div>\n\t\t\t\t<\/div>\n\t\t<div data-particle_enable=\"false\" data-particle-mobile-disabled=\"false\" class=\"elementor-element elementor-element-8a50951 e-flex e-con-boxed e-con e-parent\" data-id=\"8a50951\" data-element_type=\"container\" data-e-type=\"container\">\n\t\t\t\t\t<div class=\"e-con-inner\">\n\t\t\t\t<div class=\"elementor-element elementor-element-cc5e510 dce_masking-none elementor-widget elementor-widget-image\" data-id=\"cc5e510\" data-element_type=\"widget\" data-e-type=\"widget\" data-widget_type=\"image.default\">\n\t\t\t\t<div class=\"elementor-widget-container\">\n\t\t\t\t\t\t\t\t\t\t\t\t\t\t\t<img loading=\"lazy\" decoding=\"async\" width=\"1000\" height=\"1000\" src=\"https:\/\/bison.erhanteknik.com.tr\/urunlerimiz\/wp-content\/uploads\/2024\/08\/3275-teknikcizim.svg\" class=\"attachment-large size-large wp-image-6058\" alt=\"\" loading=\"lazy\" \/>\t\t\t\t\t\t\t\t\t\t\t\t\t\t\t<\/div>\n\t\t\t\t<\/div>\n\t\t\t\t<div class=\"elementor-element elementor-element-63fc405 elementor-widget elementor-widget-eael-advanced-data-table\" data-id=\"63fc405\" data-element_type=\"widget\" data-e-type=\"widget\" data-widget_type=\"eael-advanced-data-table.default\">\n\t\t\t\t<div class=\"elementor-widget-container\">\n\t\t\t\t\t<div class=\"ea-advanced-data-table-wrap\" data-id=\"63fc405\"><div class=\"ea-advanced-data-table-wrap-inner\">\n                <table class=\"ea-advanced-data-table ea-advanced-data-table-tablepress ea-advanced-data-table-63fc405\" data-id=\"63fc405\"><thead><tr><th>A<\/th><th>B<\/th><th>B1<\/th><th>C<\/th><th>D H7<\/th><th>E<\/th><th>F<\/th><th>G<\/th><th>J<\/th><th>L<\/th><th>P<\/th><th>kg<\/th><\/tr><\/thead><tbody><tr><td>80<\/td><td>44<\/td><td>-<\/td><td>3<\/td><td>56<\/td><td>16<\/td><td>67<\/td><td>3xM6<\/td><td>13<\/td><td>-<\/td><td>3xM6<\/td><td>1,5<\/td><\/tr><tr><td>100<\/td><td>50<\/td><td>-<\/td><td>3<\/td><td>70<\/td><td>20<\/td><td>83<\/td><td>3xM8<\/td><td>16<\/td><td>-<\/td><td>3xM8<\/td><td>2,8<\/td><\/tr><tr><td>125<\/td><td>56<\/td><td>60,8<\/td><td>4<\/td><td>95<\/td><td>32<\/td><td>108<\/td><td>3xM8<\/td><td>20<\/td><td>40<\/td><td>3xM8<\/td><td>5<\/td><\/tr><tr><td>160<\/td><td>64,5<\/td><td>69,3<\/td><td>4<\/td><td>125<\/td><td>42<\/td><td>140<\/td><td>3xM10<\/td><td>32<\/td><td>43<\/td><td>3xM10<\/td><td>10<\/td><\/tr><tr><td>200<\/td><td>75<\/td><td>79,8<\/td><td>4<\/td><td>160<\/td><td>55<\/td><td>176<\/td><td>3xM10<\/td><td>29<\/td><td>45<\/td><td>3xM10<\/td><td>17,5<\/td><\/tr><tr><td>250<\/td><td>85<\/td><td>88,8<\/td><td>5<\/td><td>200<\/td><td>76<\/td><td>224<\/td><td>3xM12<\/td><td>34<\/td><td>53<\/td><td>3xM12<\/td><td>29<\/td><\/tr><tr><td>315<\/td><td>94<\/td><td>99,1<\/td><td>5<\/td><td>260<\/td><td>103<\/td><td>286<\/td><td>3xM16<\/td><td>43<\/td><td>57<\/td><td>3xM16<\/td><td>50<\/td><\/tr><tr><td>400<\/td><td>105<\/td><td>113,8<\/td><td>5<\/td><td>330<\/td><td>136<\/td><td>362<\/td><td>3xM16<\/td><td>55<\/td><td>67<\/td><td>3xM16<\/td><td>85<\/td><\/tr><tr><td>500<\/td><td>120<\/td><td>130,8<\/td><td>5<\/td><td>420<\/td><td>190<\/td><td>458<\/td><td>6xM16<\/td><td>60<\/td><td>79<\/td><td>6xM16<\/td><td>145<\/td><\/tr><tr><td>630<\/td><td>135<\/td><td>146,3<\/td><td>7<\/td><td>545<\/td><td>252<\/td><td>586<\/td><td>6xM16<\/td><td>70<\/td><td>87<\/td><td>6xM16<\/td><td>227<\/td><\/tr><\/tbody><\/table>\n            <\/div><\/div>\t\t\t\t<\/div>\n\t\t\t\t<\/div>\n\t\t\t\t\t<\/div>\n\t\t\t\t<\/div>\n\t\t\t\t<\/div>\n\t\t","protected":false},"excerpt":{"rendered":"<div dir=\"ltr\">\n<div class=\"answer-markdown-box overflow-x-auto select-text custom-scrollbar\">\n<div class=\"markdown-body\">\n<div class=\"overflow-auto ScrollAnchorWrapper h-20 flex-1 mt-2 select-text custom-scrollbar ![--scrollbar-width:0]\">\n<div dir=\"ltr\">\n<div class=\"answer-markdown-box overflow-x-auto select-text custom-scrollbar\">\n<div class=\"markdown-body\">\n<p>Bison 3 Ayakl\u0131 Diviz\u00f6r Aynas\u0131, end\u00fcstriyel \u00fcretimde hassasiyet ve dayan\u0131kl\u0131l\u0131k gerektiren i\u015flemler i\u00e7in tasarlanm\u0131\u015f \u00f6nemli bir ekipmand\u0131r. Sertle\u015ftirilmi\u015f ayna y\u00fczeyleri, d\u00f6kme demir g\u00f6vdesi ve kendinden merkezleme \u00f6zelli\u011fi ile \u00f6ne \u00e7\u0131kar. Esnek diviz\u00f6r montaj sistemi ve ek T-kanallar\u0131, \u00e7e\u015fitli \u00e7al\u0131\u015fma ortamlar\u0131na uyum sa\u011flar. Standart aksesuarlarla birlikte gelmesi, kullan\u0131ma haz\u0131r bir paket sunar. Sa\u011flaml\u0131k, hassasiyet ve esneklik \u00f6zellikleriyle, end\u00fcstriyel \u00fcretimde kalite ve verimlili\u011fi art\u0131rmak isteyen profesyoneller i\u00e7in ideal bir \u00e7\u00f6z\u00fcmd\u00fcr<\/p>\n<\/div>\n<\/div>\n<\/div>\n<\/div>\n<\/div>\n<\/div>\n<\/div>\n","protected":false},"featured_media":6072,"comment_status":"open","ping_status":"closed","template":"","meta":[],"etheme_brands":[{"term_id":67,"name":"Bison","slug":"bison","term_group":0,"term_taxonomy_id":67,"taxonomy":"brand","description":"","parent":0,"count":52,"filter":"raw"}],"product_cat":[104,75],"product_tag":[],"class_list":{"0":"post-6063","1":"product","2":"type-product","3":"status-publish","4":"has-post-thumbnail","6":"brand-bison","7":"product_cat-3-ayakli-divizor-aynalari","8":"product_cat-divizor-aynasi-cesitleri","10":"first","11":"instock","12":"shipping-taxable","13":"product-type-simple"},"_links":{"self":[{"href":"https:\/\/bison.erhanteknik.com.tr\/urunlerimiz\/wp-json\/wp\/v2\/product\/6063"}],"collection":[{"href":"https:\/\/bison.erhanteknik.com.tr\/urunlerimiz\/wp-json\/wp\/v2\/product"}],"about":[{"href":"https:\/\/bison.erhanteknik.com.tr\/urunlerimiz\/wp-json\/wp\/v2\/types\/product"}],"replies":[{"embeddable":true,"href":"https:\/\/bison.erhanteknik.com.tr\/urunlerimiz\/wp-json\/wp\/v2\/comments?post=6063"}],"version-history":[{"count":0,"href":"https:\/\/bison.erhanteknik.com.tr\/urunlerimiz\/wp-json\/wp\/v2\/product\/6063\/revisions"}],"wp:featuredmedia":[{"embeddable":true,"href":"https:\/\/bison.erhanteknik.com.tr\/urunlerimiz\/wp-json\/wp\/v2\/media\/6072"}],"wp:attachment":[{"href":"https:\/\/bison.erhanteknik.com.tr\/urunlerimiz\/wp-json\/wp\/v2\/media?parent=6063"}],"wp:term":[{"taxonomy":"brand","embeddable":true,"href":"https:\/\/bison.erhanteknik.com.tr\/urunlerimiz\/wp-json\/wp\/v2\/etheme_brands?post=6063"},{"taxonomy":"product_cat","embeddable":true,"href":"https:\/\/bison.erhanteknik.com.tr\/urunlerimiz\/wp-json\/wp\/v2\/product_cat?post=6063"},{"taxonomy":"product_tag","embeddable":true,"href":"https:\/\/bison.erhanteknik.com.tr\/urunlerimiz\/wp-json\/wp\/v2\/product_tag?post=6063"}],"curies":[{"name":"wp","href":"https:\/\/api.w.org\/{rel}","templated":true}]}}