{"id":6141,"date":"2024-09-27T12:34:38","date_gmt":"2024-09-27T12:34:38","guid":{"rendered":"https:\/\/bison.erhanteknik.com.tr\/urunlerimiz\/?post_type=product&#038;p=6141"},"modified":"2024-09-27T12:40:59","modified_gmt":"2024-09-27T12:40:59","slug":"4304-315-bison-315x4-kepenkli-torna-aynasi","status":"publish","type":"product","link":"https:\/\/bison.erhanteknik.com.tr\/urunlerimiz\/urun\/4304-315-bison-315x4-kepenkli-torna-aynasi\/","title":{"rendered":"4304-315 | Bison 315&#215;4 Kepenkli Torna Aynas\u0131"},"content":{"rendered":"\t\t<div data-elementor-type=\"product-post\" data-elementor-id=\"6141\" class=\"elementor elementor-6141\" data-elementor-post-type=\"product\">\n\t\t\t\t\t\t<section data-particle_enable=\"false\" data-particle-mobile-disabled=\"false\" class=\"elementor-section elementor-top-section elementor-element elementor-element-0b66845 elementor-section-boxed elementor-section-height-default elementor-section-height-default\" data-id=\"0b66845\" data-element_type=\"section\" data-e-type=\"section\">\n\t\t\t\t\t\t<div class=\"elementor-container elementor-column-gap-default\">\n\t\t\t\t\t<div class=\"elementor-column elementor-col-100 elementor-top-column elementor-element elementor-element-0b73d52\" data-id=\"0b73d52\" data-element_type=\"column\" data-e-type=\"column\">\n\t\t\t<div class=\"elementor-widget-wrap elementor-element-populated\">\n\t\t\t\t\t\t<section data-particle_enable=\"false\" data-particle-mobile-disabled=\"false\" class=\"elementor-section elementor-inner-section elementor-element elementor-element-30278be elementor-section-content-bottom elementor-section-boxed elementor-section-height-default elementor-section-height-default\" data-id=\"30278be\" data-element_type=\"section\" data-e-type=\"section\">\n\t\t\t\t\t\t<div class=\"elementor-container elementor-column-gap-default\">\n\t\t\t\t\t<div class=\"elementor-column elementor-col-25 elementor-inner-column elementor-element elementor-element-4ab0dc2\" data-id=\"4ab0dc2\" data-element_type=\"column\" data-e-type=\"column\">\n\t\t\t<div class=\"elementor-widget-wrap elementor-element-populated\">\n\t\t\t\t\t\t<div class=\"elementor-element elementor-element-691adf3 dce_masking-none elementor-widget elementor-widget-image\" data-id=\"691adf3\" data-element_type=\"widget\" data-e-type=\"widget\" data-widget_type=\"image.default\">\n\t\t\t\t<div class=\"elementor-widget-container\">\n\t\t\t\t\t\t\t\t\t\t\t\t\t\t\t<img loading=\"lazy\" decoding=\"async\" width=\"400\" height=\"308\" src=\"https:\/\/bison.erhanteknik.com.tr\/urunlerimiz\/wp-content\/uploads\/2024\/08\/hard-outside-duz.jpeg\" class=\"attachment-large size-large wp-image-5709\" alt=\"\" loading=\"lazy\" srcset=\"https:\/\/bison.erhanteknik.com.tr\/urunlerimiz\/wp-content\/uploads\/2024\/08\/hard-outside-duz.jpeg 400w, https:\/\/bison.erhanteknik.com.tr\/urunlerimiz\/wp-content\/uploads\/2024\/08\/hard-outside-duz-300x231.jpeg 300w, https:\/\/bison.erhanteknik.com.tr\/urunlerimiz\/wp-content\/uploads\/2024\/08\/hard-outside-duz-1x1.jpeg 1w, https:\/\/bison.erhanteknik.com.tr\/urunlerimiz\/wp-content\/uploads\/2024\/08\/hard-outside-duz-10x8.jpeg 10w\" sizes=\"(max-width: 400px) 100vw, 400px\" \/>\t\t\t\t\t\t\t\t\t\t\t\t\t\t\t<\/div>\n\t\t\t\t<\/div>\n\t\t\t\t<div class=\"elementor-element elementor-element-dacd16a elementor-widget elementor-widget-heading\" data-id=\"dacd16a\" data-element_type=\"widget\" data-e-type=\"widget\" data-widget_type=\"heading.default\">\n\t\t\t\t<div class=\"elementor-widget-container\">\n\t\t\t\t\t<h2 class=\"elementor-heading-title elementor-size-default\">Sert D\u00fcz Ayak Tak\u0131m\u0131<\/h2>\t\t\t\t<\/div>\n\t\t\t\t<\/div>\n\t\t\t\t\t<\/div>\n\t\t<\/div>\n\t\t\t\t<div class=\"elementor-column elementor-col-25 elementor-inner-column elementor-element elementor-element-99db759\" data-id=\"99db759\" data-element_type=\"column\" data-e-type=\"column\">\n\t\t\t<div class=\"elementor-widget-wrap elementor-element-populated\">\n\t\t\t\t\t\t<div class=\"elementor-element elementor-element-7ed69dd dce_masking-none elementor-widget elementor-widget-image\" data-id=\"7ed69dd\" data-element_type=\"widget\" data-e-type=\"widget\" data-widget_type=\"image.default\">\n\t\t\t\t<div class=\"elementor-widget-container\">\n\t\t\t\t\t\t\t\t\t\t\t\t\t\t\t<img loading=\"lazy\" decoding=\"async\" width=\"550\" height=\"505\" src=\"https:\/\/bison.erhanteknik.com.tr\/urunlerimiz\/wp-content\/uploads\/2024\/08\/hard-inside-ters.jpg\" class=\"attachment-large size-large wp-image-5710\" alt=\"\" loading=\"lazy\" srcset=\"https:\/\/bison.erhanteknik.com.tr\/urunlerimiz\/wp-content\/uploads\/2024\/08\/hard-inside-ters.jpg 550w, https:\/\/bison.erhanteknik.com.tr\/urunlerimiz\/wp-content\/uploads\/2024\/08\/hard-inside-ters-300x275.jpg 300w, https:\/\/bison.erhanteknik.com.tr\/urunlerimiz\/wp-content\/uploads\/2024\/08\/hard-inside-ters-1x1.jpg 1w, https:\/\/bison.erhanteknik.com.tr\/urunlerimiz\/wp-content\/uploads\/2024\/08\/hard-inside-ters-10x10.jpg 10w\" sizes=\"(max-width: 550px) 100vw, 550px\" \/>\t\t\t\t\t\t\t\t\t\t\t\t\t\t\t<\/div>\n\t\t\t\t<\/div>\n\t\t\t\t<div class=\"elementor-element elementor-element-6c6faad elementor-widget elementor-widget-heading\" data-id=\"6c6faad\" data-element_type=\"widget\" data-e-type=\"widget\" data-widget_type=\"heading.default\">\n\t\t\t\t<div class=\"elementor-widget-container\">\n\t\t\t\t\t<h2 class=\"elementor-heading-title elementor-size-default\">Sert Ters Ayak Tak\u0131m\u0131<\/h2>\t\t\t\t<\/div>\n\t\t\t\t<\/div>\n\t\t\t\t\t<\/div>\n\t\t<\/div>\n\t\t\t\t<div class=\"elementor-column elementor-col-25 elementor-inner-column elementor-element elementor-element-7f8dcbc\" data-id=\"7f8dcbc\" data-element_type=\"column\" data-e-type=\"column\">\n\t\t\t<div class=\"elementor-widget-wrap elementor-element-populated\">\n\t\t\t\t\t\t<div class=\"elementor-element elementor-element-53e3953 dce_masking-none elementor-widget elementor-widget-image\" data-id=\"53e3953\" data-element_type=\"widget\" data-e-type=\"widget\" data-widget_type=\"image.default\">\n\t\t\t\t<div class=\"elementor-widget-container\">\n\t\t\t\t\t\t\t\t\t\t\t\t\t\t\t<img loading=\"lazy\" decoding=\"async\" width=\"550\" height=\"320\" src=\"https:\/\/bison.erhanteknik.com.tr\/urunlerimiz\/wp-content\/uploads\/2024\/08\/anahtar.jpg\" class=\"attachment-large size-large wp-image-5711\" alt=\"\" loading=\"lazy\" srcset=\"https:\/\/bison.erhanteknik.com.tr\/urunlerimiz\/wp-content\/uploads\/2024\/08\/anahtar.jpg 550w, https:\/\/bison.erhanteknik.com.tr\/urunlerimiz\/wp-content\/uploads\/2024\/08\/anahtar-300x175.jpg 300w, https:\/\/bison.erhanteknik.com.tr\/urunlerimiz\/wp-content\/uploads\/2024\/08\/anahtar-1x1.jpg 1w, https:\/\/bison.erhanteknik.com.tr\/urunlerimiz\/wp-content\/uploads\/2024\/08\/anahtar-10x6.jpg 10w\" sizes=\"(max-width: 550px) 100vw, 550px\" \/>\t\t\t\t\t\t\t\t\t\t\t\t\t\t\t<\/div>\n\t\t\t\t<\/div>\n\t\t\t\t<div class=\"elementor-element elementor-element-78e408a elementor-widget elementor-widget-heading\" data-id=\"78e408a\" data-element_type=\"widget\" data-e-type=\"widget\" data-widget_type=\"heading.default\">\n\t\t\t\t<div class=\"elementor-widget-container\">\n\t\t\t\t\t<h2 class=\"elementor-heading-title elementor-size-default\">Ayna Anahtar\u0131<\/h2>\t\t\t\t<\/div>\n\t\t\t\t<\/div>\n\t\t\t\t\t<\/div>\n\t\t<\/div>\n\t\t\t\t<div class=\"elementor-column elementor-col-25 elementor-inner-column elementor-element elementor-element-6e10ca8\" data-id=\"6e10ca8\" data-element_type=\"column\" data-e-type=\"column\">\n\t\t\t<div class=\"elementor-widget-wrap elementor-element-populated\">\n\t\t\t\t\t\t<div class=\"elementor-element elementor-element-bfd3cdc elementor-widget elementor-widget-dce-filebrowser\" data-id=\"bfd3cdc\" data-element_type=\"widget\" data-e-type=\"widget\" data-widget_type=\"dce-filebrowser.default\">\n\t\t\t\t<div class=\"elementor-widget-container\">\n\t\t\t\t\t<ul class=\"list-unstyled dce-list dce-list-root\"><li class=\"file ext-pdf\"><a class=\"block btn-block dce-file-download\" href=\"https:\/\/bison.erhanteknik.com.tr\/urunlerimiz\/wp-content\/uploads\/2024\/09\/4304-katalog.pdf\"  data-md5=\"73f9e14d15bc618f35e2adb87b6bda8c\" data-post-id=\"6127\" target=\"_blank\"><span class=\"middle fiv-viv fiv-icon-pdf\"><\/span><span class=\"dce-file-text\"><strong class=\"dce-file-title\">4304 - \u00dcr\u00fcn Katalo\u011fu<\/strong><\/span><\/a><\/li><li class=\"file ext-pdf\"><a class=\"block btn-block dce-file-download\" href=\"https:\/\/bison.erhanteknik.com.tr\/urunlerimiz\/wp-content\/uploads\/2024\/09\/4304-teknikkatalog.pdf\"  data-md5=\"9046e2e4fe9a9d9a2fc8e5dd334a9f52\" data-post-id=\"6126\" target=\"_blank\"><span class=\"middle fiv-viv fiv-icon-pdf\"><\/span><span class=\"dce-file-text\"><strong class=\"dce-file-title\">4304 - Teknik Katalog<\/strong><\/span><\/a><\/li><li class=\"file ext-pdf\"><a class=\"block btn-block dce-file-download\" href=\"https:\/\/bison.erhanteknik.com.tr\/urunlerimiz\/wp-content\/uploads\/2024\/09\/4304-kullanimkilavuzu.pdf\"  data-md5=\"fe5d5050c2f23b848d0b509f80115504\" data-post-id=\"6125\" target=\"_blank\"><span class=\"middle fiv-viv fiv-icon-pdf\"><\/span><span class=\"dce-file-text\"><strong class=\"dce-file-title\">4304 - Kullan\u0131m K\u0131lavuzu<\/strong><\/span><\/a><\/li><\/ul>\t\t<script type=\"text\/javascript\" >\n\t\t\tvar updateOptionsNonce = \"f5dc28b3f0\";\n\t\t\tvar updatePostMetasNonce = \"2b5bdb5887\";\n\t\t\tvar lastHide = '';\n\t\t\tjQuery(function () {\n\t\t\t\tif (typeof ajaxurl === 'undefined') {\n\t\t\t\t\tvar ajaxurl = \"\/urunlerimiz\/wp-admin\/admin-ajax.php\";\n\t\t\t\t}\n\n\t\t\t\n\t\t\t\t\t});\n\t\t<\/script>\n\t\t\t\t\t\t<\/div>\n\t\t\t\t<\/div>\n\t\t\t\t\t<\/div>\n\t\t<\/div>\n\t\t\t\t\t<\/div>\n\t\t<\/section>\n\t\t\t\t\t<\/div>\n\t\t<\/div>\n\t\t\t\t\t<\/div>\n\t\t<\/section>\n\t\t<div data-particle_enable=\"false\" data-particle-mobile-disabled=\"false\" class=\"elementor-element elementor-element-2ef6058 e-flex e-con-boxed e-con e-parent\" data-id=\"2ef6058\" data-element_type=\"container\" data-e-type=\"container\">\n\t\t\t\t\t<div class=\"e-con-inner\">\n\t\t\t\t<div class=\"elementor-element elementor-element-d98a156 elementor-widget elementor-widget-text-editor\" data-id=\"d98a156\" data-element_type=\"widget\" data-e-type=\"widget\" data-widget_type=\"text-editor.default\">\n\t\t\t\t<div class=\"elementor-widget-container\">\n\t\t\t\t\t\t\t\t\t<p>Torna tezgahlar\u0131n\u0131n vazge\u00e7ilmez par\u00e7alar\u0131ndan biri olan aynalar, i\u015f par\u00e7alar\u0131n\u0131n sa\u011flam ve hassas bir \u015fekilde tutulmas\u0131n\u0131 sa\u011flar. Bu ba\u011flamda, Bison 4304 ba\u011f\u0131ms\u0131z ayna, profesyonel torna operat\u00f6rleri ve end\u00fcstriyel \u00fcretim tesisleri i\u00e7in m\u00fckemmel bir se\u00e7enek olarak \u00f6ne \u00e7\u0131kmaktad\u0131r. Bu yaz\u0131da, Bison 4304 ba\u011f\u0131ms\u0131z aynan\u0131n \u00f6zelliklerini, avantajlar\u0131n\u0131 ve kullan\u0131m alanlar\u0131n\u0131 detayl\u0131 bir \u015fekilde inceleyece\u011fiz.<\/p><h2>Bison 4304 Ba\u011f\u0131ms\u0131z Ayna Nedir?<\/h2><p>Bison 4304, d\u00f6rt \u00e7eneli ba\u011f\u0131ms\u0131z bir torna aynas\u0131d\u0131r. &#8220;Ba\u011f\u0131ms\u0131z&#8221; terimi, her bir \u00e7enenin di\u011ferlerinden ba\u011f\u0131ms\u0131z olarak ayarlanabildi\u011fi anlam\u0131na gelir. Bu \u00f6zellik, operat\u00f6rlere d\u00fczensiz \u015fekilli veya eksantrik i\u015f par\u00e7alar\u0131n\u0131 kolayca merkezleme ve sabitleme imkan\u0131 sunar.<\/p><h3>Teknik \u00d6zellikler:<\/h3><ol><li><p>\u00c7ap: Bison 4304 aynas\u0131 genellikle 200mm&#8217;den 1200mm \u00e7ap aral\u0131\u011f\u0131nda \u00fcretilir.<\/p><\/li><li><p>Malzeme: <strong>Y\u00fcksek kaliteli d\u00f6kme demirden imal edilmi\u015ftir<\/strong>, bu da dayan\u0131kl\u0131l\u0131k ve uzun \u00f6m\u00fcr sa\u011flar.<\/p><\/li><li><p>Hassasiyet: <strong>DIN 6350 standard\u0131na<\/strong> uygun olarak \u00fcretilmi\u015ftir, bu da y\u00fcksek hassasiyet ve tekrarlanabilirlik anlam\u0131na gelir.<\/p><\/li><li><p>\u00c7ene Tasar\u0131m\u0131: Sertle\u015ftirilmi\u015f ve ta\u015flanm\u0131\u015f \u00e7eneler, maksimum kavrama g\u00fcc\u00fc ve a\u015f\u0131nma direnci sa\u011flar.<\/p><\/li><li><p>A\u011f\u0131rl\u0131k: Yakla\u015f\u0131k 30 kg civar\u0131ndad\u0131r, bu da stabilitesini art\u0131r\u0131r.<\/p><\/li><\/ol><h3>Avantajlar\u0131:<\/h3><ol><li><p>\u00c7ok Y\u00f6nl\u00fcl\u00fck: Ba\u011f\u0131ms\u0131z ayarlanabilen \u00e7eneler sayesinde, d\u00fczensiz \u015fekilli par\u00e7alar dahil olmak \u00fczere \u00e7e\u015fitli i\u015f par\u00e7alar\u0131n\u0131 tutabilir.<\/p><\/li><li><p>Hassasiyet: Y\u00fcksek kaliteli i\u015f\u00e7ilik ve malzemeler, hassas i\u015fleme i\u00e7in gerekli olan s\u0131k\u0131 toleranslar\u0131 sa\u011flar.<\/p><\/li><li><p>Dayan\u0131kl\u0131l\u0131k: Sa\u011flam yap\u0131s\u0131 ve kaliteli malzemeleri sayesinde uzun \u00f6m\u00fcrl\u00fcd\u00fcr.<\/p><\/li><li><p>Kolay Kullan\u0131m: \u00c7enelerin ba\u011f\u0131ms\u0131z ayarlanabilmesi, operat\u00f6rlere b\u00fcy\u00fck esneklik sa\u011flar.<\/p><\/li><li><p>G\u00fcvenlik: Sa\u011flam yap\u0131s\u0131 ve g\u00fc\u00e7l\u00fc kavrama kabiliyeti, i\u015f par\u00e7as\u0131n\u0131n g\u00fcvenli bir \u015fekilde tutulmas\u0131n\u0131 sa\u011flar.<\/p><\/li><\/ol><h3>Kullan\u0131m Alanlar\u0131:<\/h3><p>Bison 4304 ba\u011f\u0131ms\u0131z ayna, \u00e7e\u015fitli end\u00fcstrilerde ve uygulamalarda kullan\u0131labilir:<\/p><ol><li><p>Genel Makine \u0130malat\u0131: \u00c7e\u015fitli boyut ve \u015fekillerdeki par\u00e7alar\u0131n i\u015flenmesi i\u00e7in idealdir.<\/p><\/li><li><p>Otomotiv End\u00fcstrisi: \u00d6zel \u015fekilli motor par\u00e7alar\u0131 ve \u015fanz\u0131man bile\u015fenleri i\u00e7in uygundur.<\/p><\/li><li><p>Havac\u0131l\u0131k ve Uzay Sanayii: Hassas toleranslar\u0131 gerektiren karma\u015f\u0131k par\u00e7alar i\u00e7in kullan\u0131labilir.<\/p><\/li><li><p>Enerji Sekt\u00f6r\u00fc: T\u00fcrbin bile\u015fenleri ve boru flan\u015flar\u0131 gibi par\u00e7alar\u0131n i\u015flenmesinde faydal\u0131d\u0131r.<\/p><\/li><li><p>Prototip \u00dcretimi: Tek seferlik veya k\u00fc\u00e7\u00fck serili \u00f6zel par\u00e7alar\u0131n \u00fcretiminde esneklik sa\u011flar.<\/p><\/li><\/ol><h3>Bak\u0131m ve Kullan\u0131m \u0130pu\u00e7lar\u0131:<\/h3><ol><li><p>D\u00fczenli Temizlik: Her kullan\u0131mdan sonra aynay\u0131 temizleyin ve ya\u011flay\u0131n.<\/p><\/li><li><p>Do\u011fru S\u0131kma: \u0130\u015f par\u00e7as\u0131n\u0131 a\u015f\u0131r\u0131 s\u0131kmaktan ka\u00e7\u0131n\u0131n, bu aynaya ve i\u015f par\u00e7as\u0131na zarar verebilir.<\/p><\/li><li><p>Dengeleme: \u00d6zellikle y\u00fcksek h\u0131zlarda \u00e7al\u0131\u015f\u0131rken, i\u015f par\u00e7as\u0131n\u0131n do\u011fru dengelendi\u011finden emin olun.<\/p><\/li><li><p>Periyodik Kontrol: Aynay\u0131 d\u00fczenli olarak a\u015f\u0131nma ve hasar belirtileri a\u00e7\u0131s\u0131ndan kontrol edin.<\/p><\/li><li><p>Uygun Depolama: Kullan\u0131lmad\u0131\u011f\u0131nda aynay\u0131 kuru ve temiz bir ortamda saklay\u0131n.<\/p><\/li><\/ol><p>Bison 4304 ba\u011f\u0131ms\u0131z ayna, torna i\u015flemlerinde hassasiyet, \u00e7ok y\u00f6nl\u00fcl\u00fck ve g\u00fcvenilirlik arayan profesyoneller i\u00e7in m\u00fckemmel bir se\u00e7enektir. Y\u00fcksek kaliteli yap\u0131s\u0131, \u00e7e\u015fitli end\u00fcstrilerdeki zorlu uygulamalara uygunlu\u011fu ve kullan\u0131m kolayl\u0131\u011f\u0131 ile \u00f6ne \u00e7\u0131kmaktad\u0131r. Do\u011fru bak\u0131m ve kullan\u0131mla, Bison 4304 uzun y\u0131llar boyunca g\u00fcvenilir ve hassas performans sunacakt\u0131r.<\/p><p>Bu aynay\u0131 se\u00e7erken, ihtiya\u00e7lar\u0131n\u0131z\u0131, i\u015f par\u00e7alar\u0131n\u0131z\u0131n \u00f6zelliklerini ve torna tezgah\u0131n\u0131z\u0131n kapasitesini dikkate alman\u0131z \u00f6nemlidir. Do\u011fru se\u00e7im ve kullan\u0131mla, Bison 4304 ba\u011f\u0131ms\u0131z ayna \u00fcretkenli\u011finizi art\u0131rabilir ve i\u015finizin kalitesini y\u00fckseltebilir.<\/p>\t\t\t\t\t\t\t\t<\/div>\n\t\t\t\t<\/div>\n\t\t\t\t\t<\/div>\n\t\t\t\t<\/div>\n\t\t<div data-particle_enable=\"false\" data-particle-mobile-disabled=\"false\" class=\"elementor-element elementor-element-8a50951 e-flex e-con-boxed e-con e-parent\" data-id=\"8a50951\" data-element_type=\"container\" data-e-type=\"container\">\n\t\t\t\t\t<div class=\"e-con-inner\">\n\t\t\t\t<div class=\"elementor-element elementor-element-cc5e510 dce_masking-none elementor-widget elementor-widget-image\" data-id=\"cc5e510\" data-element_type=\"widget\" data-e-type=\"widget\" data-widget_type=\"image.default\">\n\t\t\t\t<div class=\"elementor-widget-container\">\n\t\t\t\t\t\t\t\t\t\t\t\t\t\t\t<img loading=\"lazy\" decoding=\"async\" width=\"1000\" height=\"1000\" src=\"https:\/\/bison.erhanteknik.com.tr\/urunlerimiz\/wp-content\/uploads\/2024\/08\/3275-teknikcizim.svg\" class=\"attachment-large size-large wp-image-6058\" alt=\"\" loading=\"lazy\" \/>\t\t\t\t\t\t\t\t\t\t\t\t\t\t\t<\/div>\n\t\t\t\t<\/div>\n\t\t\t\t<div class=\"elementor-element elementor-element-63fc405 elementor-widget elementor-widget-eael-advanced-data-table\" data-id=\"63fc405\" data-element_type=\"widget\" data-e-type=\"widget\" data-widget_type=\"eael-advanced-data-table.default\">\n\t\t\t\t<div class=\"elementor-widget-container\">\n\t\t\t\t\t<div class=\"ea-advanced-data-table-wrap\" data-id=\"63fc405\"><div class=\"ea-advanced-data-table-wrap-inner\">\n                <table class=\"ea-advanced-data-table ea-advanced-data-table-tablepress ea-advanced-data-table-63fc405\" data-id=\"63fc405\"><thead><tr><th>A<\/th><th>B<\/th><th>B1<\/th><th>C<\/th><th>D H7<\/th><th>E<\/th><th>F<\/th><th>G<\/th><th>J<\/th><th>L<\/th><th>P<\/th><th>kg<\/th><\/tr><\/thead><tbody><tr><td>80<\/td><td>44<\/td><td>-<\/td><td>3<\/td><td>56<\/td><td>16<\/td><td>67<\/td><td>3xM6<\/td><td>13<\/td><td>-<\/td><td>3xM6<\/td><td>1,5<\/td><\/tr><tr><td>100<\/td><td>50<\/td><td>-<\/td><td>3<\/td><td>70<\/td><td>20<\/td><td>83<\/td><td>3xM8<\/td><td>16<\/td><td>-<\/td><td>3xM8<\/td><td>2,8<\/td><\/tr><tr><td>125<\/td><td>56<\/td><td>60,8<\/td><td>4<\/td><td>95<\/td><td>32<\/td><td>108<\/td><td>3xM8<\/td><td>20<\/td><td>40<\/td><td>3xM8<\/td><td>5<\/td><\/tr><tr><td>160<\/td><td>64,5<\/td><td>69,3<\/td><td>4<\/td><td>125<\/td><td>42<\/td><td>140<\/td><td>3xM10<\/td><td>32<\/td><td>43<\/td><td>3xM10<\/td><td>10<\/td><\/tr><tr><td>200<\/td><td>75<\/td><td>79,8<\/td><td>4<\/td><td>160<\/td><td>55<\/td><td>176<\/td><td>3xM10<\/td><td>29<\/td><td>45<\/td><td>3xM10<\/td><td>17,5<\/td><\/tr><tr><td>250<\/td><td>85<\/td><td>88,8<\/td><td>5<\/td><td>200<\/td><td>76<\/td><td>224<\/td><td>3xM12<\/td><td>34<\/td><td>53<\/td><td>3xM12<\/td><td>29<\/td><\/tr><tr><td>315<\/td><td>94<\/td><td>99,1<\/td><td>5<\/td><td>260<\/td><td>103<\/td><td>286<\/td><td>3xM16<\/td><td>43<\/td><td>57<\/td><td>3xM16<\/td><td>50<\/td><\/tr><tr><td>400<\/td><td>105<\/td><td>113,8<\/td><td>5<\/td><td>330<\/td><td>136<\/td><td>362<\/td><td>3xM16<\/td><td>55<\/td><td>67<\/td><td>3xM16<\/td><td>85<\/td><\/tr><tr><td>500<\/td><td>120<\/td><td>130,8<\/td><td>5<\/td><td>420<\/td><td>190<\/td><td>458<\/td><td>6xM16<\/td><td>60<\/td><td>79<\/td><td>6xM16<\/td><td>145<\/td><\/tr><tr><td>630<\/td><td>135<\/td><td>146,3<\/td><td>7<\/td><td>545<\/td><td>252<\/td><td>586<\/td><td>6xM16<\/td><td>70<\/td><td>87<\/td><td>6xM16<\/td><td>227<\/td><\/tr><\/tbody><\/table>\n            <\/div><\/div>\t\t\t\t<\/div>\n\t\t\t\t<\/div>\n\t\t\t\t\t<\/div>\n\t\t\t\t<\/div>\n\t\t\t\t<\/div>\n\t\t","protected":false},"excerpt":{"rendered":"<div dir=\"ltr\">\n<div class=\"answer-markdown-box overflow-x-auto select-text custom-scrollbar\">\n<div class=\"markdown-body\">\n<div class=\"overflow-auto ScrollAnchorWrapper h-20 flex-1 mt-2 select-text custom-scrollbar ![--scrollbar-width:0]\">\n<div dir=\"ltr\">\n<div class=\"answer-markdown-box overflow-x-auto select-text custom-scrollbar\">\n<div class=\"markdown-body\">\n<div dir=\"ltr\">\n<div class=\"answer-markdown-box overflow-x-auto select-text custom-scrollbar\">\n<div class=\"markdown-body\">\n<div dir=\"ltr\">\n<div class=\"answer-markdown-box overflow-x-auto select-text custom-scrollbar\">\n<div class=\"markdown-body\">\n<div class=\"overflow-auto ScrollAnchorWrapper h-20 flex-1 mt-2 select-text custom-scrollbar ![--scrollbar-width:0]\">\n<div dir=\"ltr\">\n<div class=\"answer-markdown-box overflow-x-auto select-text custom-scrollbar\">\n<div class=\"markdown-body\">\n<div dir=\"ltr\">\n<div class=\"answer-markdown-box overflow-x-auto select-text custom-scrollbar\">\n<div class=\"markdown-body\">\n<p>Bison 4304 Kepenkli Torna Aynas\u0131, y\u00fcksek hassasiyet ve dayan\u0131kl\u0131l\u0131k gerektiren metal i\u015fleme uygulamalar\u0131 i\u00e7in tasarlanm\u0131\u015f profesyonel bir ekipmand\u0131r. Bu aynalar, d\u00f6rt ba\u011f\u0131ms\u0131z \u00e7ene ile donat\u0131lm\u0131\u015f olup, her \u00e7ene ayr\u0131 ayr\u0131 ayarlanabilir \u00f6zelli\u011fe sahiptir. Bu sayede, d\u00fczensiz \u015fekilli veya asimetrik par\u00e7alar\u0131n kolayca sabitlenmesini sa\u011flar. Genellikle 200 mm&#8217;den 1000 mm \u00e7ap\u0131na kadar olan bu aynalar, sertle\u015ftirilmi\u015f ve hassas bir \u015fekilde ta\u015flanm\u0131\u015f \u00e7elikten \u00fcretilmi\u015ftir. Bison 4304 Kepenkli Torna Aynalar\u0131, y\u00fcksek h\u0131zl\u0131 i\u015flemlerde bile titre\u015fimi minimize ederek, m\u00fckemmel bir y\u00fczey kalitesi ve boyutsal do\u011fruluk sunar. Ayr\u0131ca, kolay bak\u0131m ve uzun \u00f6m\u00fcr i\u00e7in tasarlanm\u0131\u015f olup, a\u011f\u0131r sanayi uygulamalar\u0131nda s\u0131k\u00e7a tercih edilmektedir.<\/p>\n<\/div>\n<\/div>\n<\/div>\n<\/div>\n<\/div>\n<\/div>\n<\/div>\n<\/div>\n<\/div>\n<\/div>\n<\/div>\n<\/div>\n<\/div>\n<\/div>\n<\/div>\n<\/div>\n<\/div>\n<\/div>\n<\/div>\n<\/div>\n","protected":false},"featured_media":6142,"comment_status":"open","ping_status":"closed","template":"","meta":[],"etheme_brands":[{"term_id":67,"name":"Bison","slug":"bison","term_group":0,"term_taxonomy_id":67,"taxonomy":"brand","description":"","parent":0,"count":52,"filter":"raw"}],"product_cat":[78],"product_tag":[],"class_list":{"0":"post-6141","1":"product","2":"type-product","3":"status-publish","4":"has-post-thumbnail","6":"brand-bison","7":"product_cat-kepenkli-torna-aynalari","9":"first","10":"instock","11":"shipping-taxable","12":"product-type-simple"},"_links":{"self":[{"href":"https:\/\/bison.erhanteknik.com.tr\/urunlerimiz\/wp-json\/wp\/v2\/product\/6141"}],"collection":[{"href":"https:\/\/bison.erhanteknik.com.tr\/urunlerimiz\/wp-json\/wp\/v2\/product"}],"about":[{"href":"https:\/\/bison.erhanteknik.com.tr\/urunlerimiz\/wp-json\/wp\/v2\/types\/product"}],"replies":[{"embeddable":true,"href":"https:\/\/bison.erhanteknik.com.tr\/urunlerimiz\/wp-json\/wp\/v2\/comments?post=6141"}],"version-history":[{"count":0,"href":"https:\/\/bison.erhanteknik.com.tr\/urunlerimiz\/wp-json\/wp\/v2\/product\/6141\/revisions"}],"wp:featuredmedia":[{"embeddable":true,"href":"https:\/\/bison.erhanteknik.com.tr\/urunlerimiz\/wp-json\/wp\/v2\/media\/6142"}],"wp:attachment":[{"href":"https:\/\/bison.erhanteknik.com.tr\/urunlerimiz\/wp-json\/wp\/v2\/media?parent=6141"}],"wp:term":[{"taxonomy":"brand","embeddable":true,"href":"https:\/\/bison.erhanteknik.com.tr\/urunlerimiz\/wp-json\/wp\/v2\/etheme_brands?post=6141"},{"taxonomy":"product_cat","embeddable":true,"href":"https:\/\/bison.erhanteknik.com.tr\/urunlerimiz\/wp-json\/wp\/v2\/product_cat?post=6141"},{"taxonomy":"product_tag","embeddable":true,"href":"https:\/\/bison.erhanteknik.com.tr\/urunlerimiz\/wp-json\/wp\/v2\/product_tag?post=6141"}],"curies":[{"name":"wp","href":"https:\/\/api.w.org\/{rel}","templated":true}]}}