{"id":6160,"date":"2024-09-27T12:48:32","date_gmt":"2024-09-27T12:48:32","guid":{"rendered":"https:\/\/bison.erhanteknik.com.tr\/urunlerimiz\/?post_type=product&#038;p=6160"},"modified":"2024-09-27T13:19:55","modified_gmt":"2024-09-27T13:19:55","slug":"3205-125-bison-125x3-imalat-ayakli-torna-aynasi","status":"publish","type":"product","link":"https:\/\/bison.erhanteknik.com.tr\/urunlerimiz\/urun\/3205-125-bison-125x3-imalat-ayakli-torna-aynasi\/","title":{"rendered":"3205-125 | Bison 125&#215;3 D\u00f6nd\u00fcr\u00fclebilir &#8211; \u0130malat Ayakl\u0131 Torna Aynas\u0131"},"content":{"rendered":"\t\t<div data-elementor-type=\"product-post\" data-elementor-id=\"6160\" class=\"elementor elementor-6160\" data-elementor-post-type=\"product\">\n\t\t\t\t\t\t<section data-particle_enable=\"false\" data-particle-mobile-disabled=\"false\" class=\"elementor-section elementor-top-section elementor-element elementor-element-0b66845 elementor-section-boxed elementor-section-height-default elementor-section-height-default\" data-id=\"0b66845\" data-element_type=\"section\" data-e-type=\"section\">\n\t\t\t\t\t\t<div class=\"elementor-container elementor-column-gap-default\">\n\t\t\t\t\t<div class=\"elementor-column elementor-col-100 elementor-top-column elementor-element elementor-element-0b73d52\" data-id=\"0b73d52\" data-element_type=\"column\" data-e-type=\"column\">\n\t\t\t<div class=\"elementor-widget-wrap elementor-element-populated\">\n\t\t\t\t\t\t<section data-particle_enable=\"false\" data-particle-mobile-disabled=\"false\" class=\"elementor-section elementor-inner-section elementor-element elementor-element-30278be elementor-section-content-bottom elementor-section-boxed elementor-section-height-default elementor-section-height-default\" data-id=\"30278be\" data-element_type=\"section\" data-e-type=\"section\">\n\t\t\t\t\t\t<div class=\"elementor-container elementor-column-gap-default\">\n\t\t\t\t\t<div class=\"elementor-column elementor-col-25 elementor-inner-column elementor-element elementor-element-4ab0dc2\" data-id=\"4ab0dc2\" data-element_type=\"column\" data-e-type=\"column\">\n\t\t\t<div class=\"elementor-widget-wrap elementor-element-populated\">\n\t\t\t\t\t\t<div class=\"elementor-element elementor-element-691adf3 dce_masking-none elementor-widget elementor-widget-image\" data-id=\"691adf3\" data-element_type=\"widget\" data-e-type=\"widget\" data-widget_type=\"image.default\">\n\t\t\t\t<div class=\"elementor-widget-container\">\n\t\t\t\t\t\t\t\t\t\t\t\t\t\t\t<img loading=\"lazy\" loading=\"lazy\" decoding=\"async\" width=\"729\" height=\"819\" src=\"https:\/\/bison.erhanteknik.com.tr\/urunlerimiz\/wp-content\/uploads\/2024\/08\/imalat-ayak.png\" class=\"attachment-large size-large wp-image-6021\" alt=\"\" srcset=\"https:\/\/bison.erhanteknik.com.tr\/urunlerimiz\/wp-content\/uploads\/2024\/08\/imalat-ayak.png 729w, https:\/\/bison.erhanteknik.com.tr\/urunlerimiz\/wp-content\/uploads\/2024\/08\/imalat-ayak-267x300.png 267w, https:\/\/bison.erhanteknik.com.tr\/urunlerimiz\/wp-content\/uploads\/2024\/08\/imalat-ayak-600x674.png 600w, https:\/\/bison.erhanteknik.com.tr\/urunlerimiz\/wp-content\/uploads\/2024\/08\/imalat-ayak-1x1.png 1w, https:\/\/bison.erhanteknik.com.tr\/urunlerimiz\/wp-content\/uploads\/2024\/08\/imalat-ayak-10x10.png 10w\" sizes=\"(max-width: 729px) 100vw, 729px\" \/>\t\t\t\t\t\t\t\t\t\t\t\t\t\t\t<\/div>\n\t\t\t\t<\/div>\n\t\t\t\t<div class=\"elementor-element elementor-element-dacd16a elementor-widget elementor-widget-heading\" data-id=\"dacd16a\" data-element_type=\"widget\" data-e-type=\"widget\" data-widget_type=\"heading.default\">\n\t\t\t\t<div class=\"elementor-widget-container\">\n\t\t\t\t\t<h2 class=\"elementor-heading-title elementor-size-default\">Sert D\u00f6nd\u00fcr\u00fclebilir \u0130malat Ayak Tak\u0131m\u0131<\/h2>\t\t\t\t<\/div>\n\t\t\t\t<\/div>\n\t\t\t\t\t<\/div>\n\t\t<\/div>\n\t\t\t\t<div class=\"elementor-column elementor-col-25 elementor-inner-column elementor-element elementor-element-99db759\" data-id=\"99db759\" data-element_type=\"column\" data-e-type=\"column\">\n\t\t\t<div class=\"elementor-widget-wrap\">\n\t\t\t\t\t\t\t<\/div>\n\t\t<\/div>\n\t\t\t\t<div class=\"elementor-column elementor-col-25 elementor-inner-column elementor-element elementor-element-7f8dcbc\" data-id=\"7f8dcbc\" data-element_type=\"column\" data-e-type=\"column\">\n\t\t\t<div class=\"elementor-widget-wrap elementor-element-populated\">\n\t\t\t\t\t\t<div class=\"elementor-element elementor-element-53e3953 dce_masking-none elementor-widget elementor-widget-image\" data-id=\"53e3953\" data-element_type=\"widget\" data-e-type=\"widget\" data-widget_type=\"image.default\">\n\t\t\t\t<div class=\"elementor-widget-container\">\n\t\t\t\t\t\t\t\t\t\t\t\t\t\t\t<img loading=\"lazy\" loading=\"lazy\" decoding=\"async\" width=\"550\" height=\"320\" src=\"https:\/\/bison.erhanteknik.com.tr\/urunlerimiz\/wp-content\/uploads\/2024\/08\/anahtar.jpg\" class=\"attachment-large size-large wp-image-5711\" alt=\"\" srcset=\"https:\/\/bison.erhanteknik.com.tr\/urunlerimiz\/wp-content\/uploads\/2024\/08\/anahtar.jpg 550w, https:\/\/bison.erhanteknik.com.tr\/urunlerimiz\/wp-content\/uploads\/2024\/08\/anahtar-300x175.jpg 300w, https:\/\/bison.erhanteknik.com.tr\/urunlerimiz\/wp-content\/uploads\/2024\/08\/anahtar-1x1.jpg 1w, https:\/\/bison.erhanteknik.com.tr\/urunlerimiz\/wp-content\/uploads\/2024\/08\/anahtar-10x6.jpg 10w\" sizes=\"(max-width: 550px) 100vw, 550px\" \/>\t\t\t\t\t\t\t\t\t\t\t\t\t\t\t<\/div>\n\t\t\t\t<\/div>\n\t\t\t\t<div class=\"elementor-element elementor-element-78e408a elementor-widget elementor-widget-heading\" data-id=\"78e408a\" data-element_type=\"widget\" data-e-type=\"widget\" data-widget_type=\"heading.default\">\n\t\t\t\t<div class=\"elementor-widget-container\">\n\t\t\t\t\t<h2 class=\"elementor-heading-title elementor-size-default\">Ayna Anahtar\u0131<\/h2>\t\t\t\t<\/div>\n\t\t\t\t<\/div>\n\t\t\t\t\t<\/div>\n\t\t<\/div>\n\t\t\t\t<div class=\"elementor-column elementor-col-25 elementor-inner-column elementor-element elementor-element-6e10ca8\" data-id=\"6e10ca8\" data-element_type=\"column\" data-e-type=\"column\">\n\t\t\t<div class=\"elementor-widget-wrap elementor-element-populated\">\n\t\t\t\t\t\t<div class=\"elementor-element elementor-element-bfd3cdc elementor-widget elementor-widget-dce-filebrowser\" data-id=\"bfd3cdc\" data-element_type=\"widget\" data-e-type=\"widget\" data-widget_type=\"dce-filebrowser.default\">\n\t\t\t\t<div class=\"elementor-widget-container\">\n\t\t\t\t\t<ul class=\"list-unstyled dce-list dce-list-root\"><li class=\"file ext-pdf\"><a class=\"block btn-block dce-file-download\" href=\"https:\/\/bison.erhanteknik.com.tr\/urunlerimiz\/wp-content\/uploads\/2024\/09\/3205-katalog.pdf\"  data-md5=\"bc0d989d14da00bdcce4da37313fda99\" data-post-id=\"6162\" target=\"_blank\"><span class=\"middle fiv-viv fiv-icon-pdf\"><\/span><span class=\"dce-file-text\"><strong class=\"dce-file-title\">3205 \u00dcr\u00fcn Katalo\u011fu<\/strong><\/span><\/a><\/li><li class=\"file ext-pdf\"><a class=\"block btn-block dce-file-download\" href=\"https:\/\/bison.erhanteknik.com.tr\/urunlerimiz\/wp-content\/uploads\/2024\/09\/3205-teknikkatalog.pdf\"  data-md5=\"a7859b15ef7e9f3d1c4b61d763a3d9c4\" data-post-id=\"6161\" target=\"_blank\"><span class=\"middle fiv-viv fiv-icon-pdf\"><\/span><span class=\"dce-file-text\"><strong class=\"dce-file-title\">3205 Teknik Katalog<\/strong><\/span><\/a><\/li><li class=\"file ext-pdf\"><a class=\"block btn-block dce-file-download\" href=\"https:\/\/bison.erhanteknik.com.tr\/urunlerimiz\/wp-content\/uploads\/2024\/09\/4304-kullanimkilavuzu-1.pdf\"  data-md5=\"7efecb41071ef99b002d08bb4be3c992\" data-post-id=\"6163\" target=\"_blank\"><span class=\"middle fiv-viv fiv-icon-pdf\"><\/span><span class=\"dce-file-text\"><strong class=\"dce-file-title\">3205 Kullan\u0131m K\u0131lavuzu<\/strong><\/span><\/a><\/li><\/ul>\t\t<script type=\"text\/javascript\" >\n\t\t\tvar updateOptionsNonce = \"4ec4c1b57e\";\n\t\t\tvar updatePostMetasNonce = \"01e638baa9\";\n\t\t\tvar lastHide = '';\n\t\t\tjQuery(function () {\n\t\t\t\tif (typeof ajaxurl === 'undefined') {\n\t\t\t\t\tvar ajaxurl = \"\/urunlerimiz\/wp-admin\/admin-ajax.php\";\n\t\t\t\t}\n\n\t\t\t\n\t\t\t\t\t});\n\t\t<\/script>\n\t\t\t\t\t\t<\/div>\n\t\t\t\t<\/div>\n\t\t\t\t\t<\/div>\n\t\t<\/div>\n\t\t\t\t\t<\/div>\n\t\t<\/section>\n\t\t\t\t\t<\/div>\n\t\t<\/div>\n\t\t\t\t\t<\/div>\n\t\t<\/section>\n\t\t<div data-particle_enable=\"false\" data-particle-mobile-disabled=\"false\" class=\"elementor-element elementor-element-2ef6058 e-flex e-con-boxed e-con e-parent\" data-id=\"2ef6058\" data-element_type=\"container\" data-e-type=\"container\">\n\t\t\t\t\t<div class=\"e-con-inner\">\n\t\t\t\t<div class=\"elementor-element elementor-element-d98a156 elementor-widget elementor-widget-text-editor\" data-id=\"d98a156\" data-element_type=\"widget\" data-e-type=\"widget\" data-widget_type=\"text-editor.default\">\n\t\t\t\t<div class=\"elementor-widget-container\">\n\t\t\t\t\t\t\t\t\t<p>Torna tezgahlar\u0131n\u0131n vazge\u00e7ilmez par\u00e7alar\u0131ndan biri olan aynalar, i\u015f par\u00e7alar\u0131n\u0131n sa\u011flam ve hassas bir \u015fekilde tutulmas\u0131n\u0131 sa\u011flar. Bu ba\u011flamda, Bison 3205 \u0130malat Ayakl\u0131 Torna Aynas\u0131, profesyonel torna operat\u00f6rleri ve end\u00fcstriyel \u00fcretim tesisleri i\u00e7in m\u00fckemmel bir se\u00e7enek olarak \u00f6ne \u00e7\u0131kmaktad\u0131r. Bu yaz\u0131da, Bison 3205 D\u00f6nd\u00fcr\u00fclebilir\u00a0<span style=\"color: inherit; font-family: inherit; font-size: inherit; font-weight: var( --e-global-typography-text-font-weight ); text-align: var(--text-align); background-color: var(--et_container-bg-color,transparent);\">\u0130malat Ayakl\u0131 aynan\u0131n \u00f6zelliklerini, avantajlar\u0131n\u0131 ve kullan\u0131m alanlar\u0131n\u0131 detayl\u0131 bir \u015fekilde inceleyece\u011fiz.<\/span><\/p><h2>Bison 3205 \u0130malat Ayakl\u0131 Torna Aynas\u0131<\/h2><p>Bison 3205, \u00fc\u00e7 tane d\u00f6nd\u00fcr\u00fclebilir aya\u011f\u0131 olan bir torna aynas\u0131d\u0131r. &#8220;D\u00f6nd\u00fcr\u00fclebilir&#8221; terimi, her bir \u00e7enenin kullan\u0131m amac\u0131na ba\u011fl\u0131 olarak ayarlanabildi\u011fi anlam\u0131na gelir. Bu \u00f6zellik, operat\u00f6rler \u00e7eneleri d\u00fcz veya ters pozisyona civata yard\u0131m\u0131yla d\u00f6nd\u00fcrerek kolayca merkezleme ve sabitleme imkan\u0131 sunar.<\/p><h3>Teknik \u00d6zellikler:<\/h3><ol><li><p>\u00c7ap: Bison 3205 aynas\u0131 genellikle 200mm&#8217;den 1200mm \u00e7ap aral\u0131\u011f\u0131nda \u00fcretilir.<\/p><\/li><li><p>Malzeme: <strong>Y\u00fcksek kaliteli d\u00f6kme demirden imal edilmi\u015ftir<\/strong>, bu da dayan\u0131kl\u0131l\u0131k ve uzun \u00f6m\u00fcr sa\u011flar.<\/p><\/li><li><p>Hassasiyet: <strong>DIN 6350 standard\u0131na<\/strong> uygun olarak \u00fcretilmi\u015ftir, bu da y\u00fcksek hassasiyet ve tekrarlanabilirlik anlam\u0131na gelir.<\/p><\/li><li><p>\u00c7ene Tasar\u0131m\u0131: Sertle\u015ftirilmi\u015f ve ta\u015flanm\u0131\u015f \u00e7eneler, maksimum kavrama g\u00fcc\u00fc ve a\u015f\u0131nma direnci sa\u011flar.<\/p><\/li><li><p>A\u011f\u0131rl\u0131k: Yakla\u015f\u0131k 30 kg civar\u0131ndad\u0131r, bu da stabilitesini art\u0131r\u0131r.<\/p><\/li><\/ol><h3>Avantajlar\u0131:<\/h3><ol><li><p>\u00c7ok Y\u00f6nl\u00fcl\u00fck: D\u00f6nd\u00fcr\u00fclebilen \u00e7eneler sayesinde, kullan\u0131m amac\u0131na g\u00f6re \u00e7e\u015fitli i\u015f par\u00e7alar\u0131n\u0131 hem i\u00e7ten hem de d\u0131\u015ftan tutabilmek i\u00e7in ayaklar\u0131n \u00fczerindeki civatalar sayesinde ters ve d\u00fcz kullan\u0131m i\u00e7in kolayca d\u00f6nd\u00fcr\u00fclebilir.<\/p><\/li><li><p>Hassasiyet: Y\u00fcksek kaliteli i\u015f\u00e7ilik ve malzemeler, hassas i\u015fleme i\u00e7in gerekli olan s\u0131k\u0131 toleranslar\u0131 sa\u011flar.<\/p><\/li><li><p>Dayan\u0131kl\u0131l\u0131k: Sa\u011flam yap\u0131s\u0131 ve kaliteli malzemeleri sayesinde uzun \u00f6m\u00fcrl\u00fcd\u00fcr.<\/p><\/li><li><p>Kolay Kullan\u0131m: \u00c7enelerin ba\u011f\u0131ms\u0131z ayarlanabilmesi, operat\u00f6rlere b\u00fcy\u00fck esneklik sa\u011flar.<\/p><\/li><li><p>G\u00fcvenlik: Sa\u011flam yap\u0131s\u0131 ve g\u00fc\u00e7l\u00fc kavrama kabiliyeti, i\u015f par\u00e7as\u0131n\u0131n g\u00fcvenli bir \u015fekilde tutulmas\u0131n\u0131 sa\u011flar.<\/p><\/li><\/ol><h3>Kullan\u0131m Alanlar\u0131:<\/h3><p>Bison 3205 \u0130malat Ayakl\u0131 Torna Aynas\u0131<span style=\"color: inherit; font-family: inherit; font-size: inherit; font-weight: var( --e-global-typography-text-font-weight ); text-align: var(--text-align); background-color: var(--et_container-bg-color,transparent);\">, \u00e7e\u015fitli end\u00fcstrilerde ve uygulamalarda kullan\u0131labilir:<\/span><\/p><ol><li><p>Genel Makine \u0130malat\u0131: \u00c7e\u015fitli boyut ve \u015fekillerdeki par\u00e7alar\u0131n i\u015flenmesi i\u00e7in idealdir.<\/p><\/li><li><p>Otomotiv End\u00fcstrisi: \u00d6zel \u015fekilli motor par\u00e7alar\u0131 ve \u015fanz\u0131man bile\u015fenleri i\u00e7in uygundur.<\/p><\/li><li><p>Havac\u0131l\u0131k ve Uzay Sanayii: Hassas toleranslar\u0131 gerektiren karma\u015f\u0131k par\u00e7alar i\u00e7in kullan\u0131labilir.<\/p><\/li><li><p>Enerji Sekt\u00f6r\u00fc: T\u00fcrbin bile\u015fenleri ve boru flan\u015flar\u0131 gibi par\u00e7alar\u0131n i\u015flenmesinde faydal\u0131d\u0131r.<\/p><\/li><li><p>Prototip \u00dcretimi: Tek seferlik veya k\u00fc\u00e7\u00fck serili \u00f6zel par\u00e7alar\u0131n \u00fcretiminde esneklik sa\u011flar.<\/p><\/li><\/ol><h3>Bak\u0131m ve Kullan\u0131m \u0130pu\u00e7lar\u0131:<\/h3><ol><li><p>D\u00fczenli Temizlik: Her kullan\u0131mdan sonra aynay\u0131 temizleyin ve ya\u011flay\u0131n.<\/p><\/li><li><p>Do\u011fru S\u0131kma: \u0130\u015f par\u00e7as\u0131n\u0131 a\u015f\u0131r\u0131 s\u0131kmaktan ka\u00e7\u0131n\u0131n, bu aynaya ve i\u015f par\u00e7as\u0131na zarar verebilir.<\/p><\/li><li><p>Dengeleme: \u00d6zellikle y\u00fcksek h\u0131zlarda \u00e7al\u0131\u015f\u0131rken, i\u015f par\u00e7as\u0131n\u0131n do\u011fru dengelendi\u011finden emin olun.<\/p><\/li><li><p>Periyodik Kontrol: Aynay\u0131 d\u00fczenli olarak a\u015f\u0131nma ve hasar belirtileri a\u00e7\u0131s\u0131ndan kontrol edin.<\/p><\/li><li><p>Uygun Depolama: Kullan\u0131lmad\u0131\u011f\u0131nda aynay\u0131 kuru ve temiz bir ortamda saklay\u0131n.<\/p><\/li><\/ol><p>Bison 3205 \u0130malat Ayakl\u0131 Torna Aynas\u0131, torna i\u015flemlerinde hassasiyet, \u00e7ok y\u00f6nl\u00fcl\u00fck ve g\u00fcvenilirlik arayan profesyoneller i\u00e7in m\u00fckemmel bir se\u00e7enektir. Y\u00fcksek kaliteli yap\u0131s\u0131, \u00e7e\u015fitli end\u00fcstrilerdeki zorlu uygulamalara uygunlu\u011fu ve kullan\u0131m kolayl\u0131\u011f\u0131 ile \u00f6ne \u00e7\u0131kmaktad\u0131r. Do\u011fru bak\u0131m ve kullan\u0131mla, Bison 4304 uzun y\u0131llar boyunca g\u00fcvenilir ve hassas performans sunacakt\u0131r.<\/p><p>Bu aynay\u0131 se\u00e7erken, ihtiya\u00e7lar\u0131n\u0131z\u0131, i\u015f par\u00e7alar\u0131n\u0131z\u0131n \u00f6zelliklerini ve torna tezgah\u0131n\u0131z\u0131n kapasitesini dikkate alman\u0131z \u00f6nemlidir. Do\u011fru se\u00e7im ve kullan\u0131mla, Bison 4304 ba\u011f\u0131ms\u0131z ayna \u00fcretkenli\u011finizi art\u0131rabilir ve i\u015finizin kalitesini y\u00fckseltebilir.<\/p>\t\t\t\t\t\t\t\t<\/div>\n\t\t\t\t<\/div>\n\t\t\t\t\t<\/div>\n\t\t\t\t<\/div>\n\t\t<div data-particle_enable=\"false\" data-particle-mobile-disabled=\"false\" class=\"elementor-element elementor-element-8a50951 e-flex e-con-boxed e-con e-parent\" data-id=\"8a50951\" data-element_type=\"container\" data-e-type=\"container\">\n\t\t\t\t\t<div class=\"e-con-inner\">\n\t\t\t\t<div class=\"elementor-element elementor-element-cc5e510 dce_masking-none elementor-widget elementor-widget-image\" data-id=\"cc5e510\" data-element_type=\"widget\" data-e-type=\"widget\" data-widget_type=\"image.default\">\n\t\t\t\t<div class=\"elementor-widget-container\">\n\t\t\t\t\t\t\t\t\t\t\t\t\t\t\t<img loading=\"lazy\" loading=\"lazy\" decoding=\"async\" width=\"1000\" height=\"1000\" src=\"https:\/\/bison.erhanteknik.com.tr\/urunlerimiz\/wp-content\/uploads\/2024\/08\/3275-teknikcizim.svg\" class=\"attachment-large size-large wp-image-6058\" alt=\"\" \/>\t\t\t\t\t\t\t\t\t\t\t\t\t\t\t<\/div>\n\t\t\t\t<\/div>\n\t\t\t\t<div class=\"elementor-element elementor-element-63fc405 elementor-widget elementor-widget-eael-advanced-data-table\" data-id=\"63fc405\" data-element_type=\"widget\" data-e-type=\"widget\" data-widget_type=\"eael-advanced-data-table.default\">\n\t\t\t\t<div class=\"elementor-widget-container\">\n\t\t\t\t\t<div class=\"ea-advanced-data-table-wrap\" data-id=\"63fc405\"><div class=\"ea-advanced-data-table-wrap-inner\">\n                <table class=\"ea-advanced-data-table ea-advanced-data-table-tablepress ea-advanced-data-table-63fc405\" data-id=\"63fc405\"><thead><tr><th>A<\/th><th>B<\/th><th>B1<\/th><th>C<\/th><th>D H7<\/th><th>E<\/th><th>F<\/th><th>G<\/th><th>J<\/th><th>L<\/th><th>P<\/th><th>kg<\/th><\/tr><\/thead><tbody><tr><td>80<\/td><td>44<\/td><td>-<\/td><td>3<\/td><td>56<\/td><td>16<\/td><td>67<\/td><td>3xM6<\/td><td>13<\/td><td>-<\/td><td>3xM6<\/td><td>1,5<\/td><\/tr><tr><td>100<\/td><td>50<\/td><td>-<\/td><td>3<\/td><td>70<\/td><td>20<\/td><td>83<\/td><td>3xM8<\/td><td>16<\/td><td>-<\/td><td>3xM8<\/td><td>2,8<\/td><\/tr><tr><td>125<\/td><td>56<\/td><td>60,8<\/td><td>4<\/td><td>95<\/td><td>32<\/td><td>108<\/td><td>3xM8<\/td><td>20<\/td><td>40<\/td><td>3xM8<\/td><td>5<\/td><\/tr><tr><td>160<\/td><td>64,5<\/td><td>69,3<\/td><td>4<\/td><td>125<\/td><td>42<\/td><td>140<\/td><td>3xM10<\/td><td>32<\/td><td>43<\/td><td>3xM10<\/td><td>10<\/td><\/tr><tr><td>200<\/td><td>75<\/td><td>79,8<\/td><td>4<\/td><td>160<\/td><td>55<\/td><td>176<\/td><td>3xM10<\/td><td>29<\/td><td>45<\/td><td>3xM10<\/td><td>17,5<\/td><\/tr><tr><td>250<\/td><td>85<\/td><td>88,8<\/td><td>5<\/td><td>200<\/td><td>76<\/td><td>224<\/td><td>3xM12<\/td><td>34<\/td><td>53<\/td><td>3xM12<\/td><td>29<\/td><\/tr><tr><td>315<\/td><td>94<\/td><td>99,1<\/td><td>5<\/td><td>260<\/td><td>103<\/td><td>286<\/td><td>3xM16<\/td><td>43<\/td><td>57<\/td><td>3xM16<\/td><td>50<\/td><\/tr><tr><td>400<\/td><td>105<\/td><td>113,8<\/td><td>5<\/td><td>330<\/td><td>136<\/td><td>362<\/td><td>3xM16<\/td><td>55<\/td><td>67<\/td><td>3xM16<\/td><td>85<\/td><\/tr><tr><td>500<\/td><td>120<\/td><td>130,8<\/td><td>5<\/td><td>420<\/td><td>190<\/td><td>458<\/td><td>6xM16<\/td><td>60<\/td><td>79<\/td><td>6xM16<\/td><td>145<\/td><\/tr><tr><td>630<\/td><td>135<\/td><td>146,3<\/td><td>7<\/td><td>545<\/td><td>252<\/td><td>586<\/td><td>6xM16<\/td><td>70<\/td><td>87<\/td><td>6xM16<\/td><td>227<\/td><\/tr><\/tbody><\/table>\n            <\/div><\/div>\t\t\t\t<\/div>\n\t\t\t\t<\/div>\n\t\t\t\t\t<\/div>\n\t\t\t\t<\/div>\n\t\t\t\t<\/div>\n\t\t","protected":false},"excerpt":{"rendered":"<div dir=\"ltr\">\n<div class=\"answer-markdown-box overflow-x-auto select-text custom-scrollbar\">\n<div class=\"markdown-body\">\n<div class=\"overflow-auto ScrollAnchorWrapper h-20 flex-1 mt-2 select-text custom-scrollbar ![--scrollbar-width:0]\">\n<div dir=\"ltr\">\n<div class=\"answer-markdown-box overflow-x-auto select-text custom-scrollbar\">\n<div class=\"markdown-body\">\n<div dir=\"ltr\">\n<div class=\"answer-markdown-box overflow-x-auto select-text custom-scrollbar\">\n<div class=\"markdown-body\">\n<div dir=\"ltr\">\n<div class=\"answer-markdown-box overflow-x-auto select-text custom-scrollbar\">\n<div class=\"markdown-body\">\n<div class=\"overflow-auto ScrollAnchorWrapper h-20 flex-1 mt-2 select-text custom-scrollbar ![--scrollbar-width:0]\">\n<div dir=\"ltr\">\n<div class=\"answer-markdown-box overflow-x-auto select-text custom-scrollbar\">\n<div class=\"markdown-body\">\n<div dir=\"ltr\">\n<div class=\"answer-markdown-box overflow-x-auto select-text custom-scrollbar\">\n<div class=\"markdown-body\">\n<div dir=\"ltr\">\n<div class=\"answer-markdown-box overflow-x-auto select-text custom-scrollbar\">\n<div class=\"markdown-body\">\n<p>Bison 3205 \u0130malat Ayakl\u0131 Torna Aynas\u0131, torna i\u015flemlerinde i\u015f par\u00e7alar\u0131n\u0131n g\u00fcvenli ve hassas bir \u015fekilde tutulmas\u0131n\u0131 sa\u011flayan d\u00f6nd\u00fcr\u00fclebilir ayaklar\u0131yla \u00f6ne \u00e7\u0131kar. \u00dc\u00e7 adet d\u00f6nd\u00fcr\u00fclebilir \u00e7eneye sahip olan bu ayna, \u00e7enelerin kullan\u0131m amac\u0131na g\u00f6re d\u00fcz veya ters pozisyona kolayca ayarlanabilmesi sayesinde operat\u00f6rlere b\u00fcy\u00fck esneklik sunar. Bu \u00f6zellik, \u00e7e\u015fitli boyut ve \u015fekillerdeki i\u015f par\u00e7alar\u0131n\u0131 hem i\u00e7ten hem de d\u0131\u015ftan s\u0131k\u0131ca tutabilmeyi m\u00fcmk\u00fcn k\u0131lar ve bu da aynan\u0131n \u00e7ok y\u00f6nl\u00fcl\u00fc\u011f\u00fcn\u00fc art\u0131r\u0131r. Y\u00fcksek kaliteli d\u00f6kme demirden imal edilmesi ve DIN 6350 standard\u0131na uygun hassasiyeti sayesinde, dayan\u0131kl\u0131l\u0131k ve \u00fcst\u00fcn performans sergileyen Bison 3205, profesyonel torna operat\u00f6rleri ve end\u00fcstriyel \u00fcretim tesisleri i\u00e7in m\u00fckemmel bir se\u00e7enek olarak dikkat \u00e7eker.<\/p>\n<\/div>\n<\/div>\n<\/div>\n<\/div>\n<\/div>\n<\/div>\n<\/div>\n<\/div>\n<\/div>\n<\/div>\n<\/div>\n<\/div>\n<\/div>\n<\/div>\n<\/div>\n<\/div>\n<\/div>\n<\/div>\n<\/div>\n<\/div>\n<\/div>\n<\/div>\n<\/div>\n","protected":false},"featured_media":6171,"comment_status":"open","ping_status":"closed","template":"","meta":[],"etheme_brands":[{"term_id":67,"name":"Bison","slug":"bison","term_group":0,"term_taxonomy_id":67,"taxonomy":"brand","description":"","parent":0,"count":52,"filter":"raw"}],"product_cat":[106,76],"product_tag":[],"class_list":{"0":"post-6160","1":"product","2":"type-product","3":"status-publish","4":"has-post-thumbnail","6":"brand-bison","7":"product_cat-3-ayakli-imalat-ayakli-torna-aynasi","8":"product_cat-imalat-ayakli-torna-aynasi-cesitleri","10":"first","11":"instock","12":"shipping-taxable","13":"product-type-simple"},"_links":{"self":[{"href":"https:\/\/bison.erhanteknik.com.tr\/urunlerimiz\/wp-json\/wp\/v2\/product\/6160"}],"collection":[{"href":"https:\/\/bison.erhanteknik.com.tr\/urunlerimiz\/wp-json\/wp\/v2\/product"}],"about":[{"href":"https:\/\/bison.erhanteknik.com.tr\/urunlerimiz\/wp-json\/wp\/v2\/types\/product"}],"replies":[{"embeddable":true,"href":"https:\/\/bison.erhanteknik.com.tr\/urunlerimiz\/wp-json\/wp\/v2\/comments?post=6160"}],"version-history":[{"count":9,"href":"https:\/\/bison.erhanteknik.com.tr\/urunlerimiz\/wp-json\/wp\/v2\/product\/6160\/revisions"}],"predecessor-version":[{"id":6173,"href":"https:\/\/bison.erhanteknik.com.tr\/urunlerimiz\/wp-json\/wp\/v2\/product\/6160\/revisions\/6173"}],"wp:featuredmedia":[{"embeddable":true,"href":"https:\/\/bison.erhanteknik.com.tr\/urunlerimiz\/wp-json\/wp\/v2\/media\/6171"}],"wp:attachment":[{"href":"https:\/\/bison.erhanteknik.com.tr\/urunlerimiz\/wp-json\/wp\/v2\/media?parent=6160"}],"wp:term":[{"taxonomy":"brand","embeddable":true,"href":"https:\/\/bison.erhanteknik.com.tr\/urunlerimiz\/wp-json\/wp\/v2\/etheme_brands?post=6160"},{"taxonomy":"product_cat","embeddable":true,"href":"https:\/\/bison.erhanteknik.com.tr\/urunlerimiz\/wp-json\/wp\/v2\/product_cat?post=6160"},{"taxonomy":"product_tag","embeddable":true,"href":"https:\/\/bison.erhanteknik.com.tr\/urunlerimiz\/wp-json\/wp\/v2\/product_tag?post=6160"}],"curies":[{"name":"wp","href":"https:\/\/api.w.org\/{rel}","templated":true}]}}